{"id":990,"date":"2026-04-14T07:19:36","date_gmt":"2026-04-14T04:19:36","guid":{"rendered":"https:\/\/fiskarsinkoulu.fi\/koti-koulu-jaosto\/"},"modified":"2026-04-20T09:15:37","modified_gmt":"2026-04-20T06:15:37","slug":"vanhempainjaosto","status":"publish","type":"page","link":"https:\/\/fiskarsinkoulu.fi\/sv\/vanhempainjaosto\/","title":{"rendered":"Vanhempainjaosto"},"content":{"rendered":"<section data-etch-element=\"section\" class=\"hero-alpha\"><div data-etch-element=\"container\" class=\"hero-alpha__inner\"><div data-etch-element=\"flex-div\" class=\"hero-alpha__content-wrapper\"><h1 class=\"hero-alpha__heading\">Fiskarsin koulun vanhempainjaosto<\/h1><p class=\"hero-alpha__text hero-lede\">Vanhempainjaosto on joukko aktiivisia vanhempia, jotka tekev\u00e4t koulun arjesta v\u00e4h\u00e4n enemm\u00e4n. Mukaan voi tulla juuri niin paljon kuin itselle sopii.<\/p><\/div><figure data-etch-element=\"flex-div\" class=\"hero-alpha__media-wrapper\"><img loading=\"lazy\" decoding=\"async\"  sizes=\"auto, (max-width: 1000px) 100vw, 1000px\" srcset=\"https:\/\/fiskarsinkoulu.fi\/wp-content\/uploads\/2026\/04\/D2A5637_Final_Web.webp 1000w, https:\/\/fiskarsinkoulu.fi\/wp-content\/uploads\/2026\/04\/D2A5637_Final_Web-300x200.webp 300w, https:\/\/fiskarsinkoulu.fi\/wp-content\/uploads\/2026\/04\/D2A5637_Final_Web-150x150.webp 150w, https:\/\/fiskarsinkoulu.fi\/wp-content\/uploads\/2026\/04\/D2A5637_Final_Web-768x512.webp 768w, https:\/\/fiskarsinkoulu.fi\/wp-content\/uploads\/2026\/04\/D2A5637_Final_Web-18x12.webp 18w\" src=\"https:\/\/fiskarsinkoulu.fi\/wp-content\/uploads\/2026\/04\/D2A5637_Final_Web.webp\" alt=\"D2A5637 Final Web\" width=\"1000\" height=\"667\" class=\"hero-alpha__image hero-alpha__media\" \/><\/figure><\/div><\/section><section data-etch-element=\"section\" class=\"content-narrow elamaa-fiskarsissa__content-narrow\"><div data-etch-element=\"container\" class=\"content-narrow__container\"><p>Fiskarsissa toimii aktiivinen vanhempainjaosto, joka on osa Fiskarsin Kyl\u00e4seuran toimintaa. Vanhempainyhdistys on perustettu 15.3.1990 ja oli tuolloin oma yhdistyksens\u00e4, eli Fiskarsin koti ja koulu yhdistys ry. Se siirtyi toimimaan Fiskars kyl\u00e4seuran alaiseksi jaostoksi vuonna 2019.<\/p><p>Fiskarsin koti-, koulu- ja p\u00e4iv\u00e4kotijaosto tavoitteena on edist\u00e4\u00e4 Fiskarsin koulussa opiskelevien ja p\u00e4iv\u00e4kodissa k\u00e4yvien lasten hyvinvointia sek\u00e4 mahdollistaa el\u00e4myksi\u00e4 ja kokemuksia, joita normaalissa kouluarjessa ei aina olisi mahdollista toteuttaa.<\/p><\/div><\/section><section data-etch-element=\"section\" class=\"content-narrow elamaa-fiskarsissa__content-narrow\"><div data-etch-element=\"container\" class=\"content-narrow__container\"><h2 class=\"content-intro__heading\">Vanhempainjaoston toimintaa<\/h2><ul><li>vuosittainen kulttuurimatka Helsinkiin tai Turkuun. Toteutuneita retki\u00e4 on olleet mm. Ateneumin taidemuseossa vierailu, Tiedekeskus Heureka-p\u00e4iv\u00e4 ja teatterimatka Helsinkiin<\/li><li>Kev\u00e4trieha tapahtuman j\u00e4rjest\u00e4minen<\/li><li>koko koulun laskettelup\u00e4iv\u00e4 l\u00e4heisess\u00e4 P\u00e5minnen laskettelukeskuksessa<\/li><li>py\u00f6r\u00e4ilykyp\u00e4rien hankinta 1. luokkalaisille<\/li><\/ul><p>Jaokseen kuuluvat henkil\u00f6t ovat koulussa ja p\u00e4iv\u00e4kodissa k\u00e4yvien lasten aktiivisia vanhempia, joiden p\u00e4\u00e4asiallisena teht\u00e4v\u00e4n\u00e4 on hakea rahoitusta, ideoida ja toteuttaa erilaisia tempauksia sek\u00e4 tapahtumia koulu- ja p\u00e4iv\u00e4kotitoiminnan el\u00e4v\u00f6itt\u00e4miseksi yhteisty\u00f6ss\u00e4 henkil\u00f6kunnan kanssa. Jaoksen toiminnassa mukana olevat vanhemmat voivat olla mukana toiminnassa omien resurssiensa mukaan ja hyvin pienell\u00e4kin panoksella.<\/p><p>Hyvinvointi koostuu pienist\u00e4 puroista, joita sin\u00e4kin voit halutessasi l\u00e4hte\u00e4 edist\u00e4m\u00e4\u00e4n. Tervetuloa mukaan innokkaaseen, reipasmieliseen ja monipuoliseen toimintaan, jossa lasten etu ja hyvinvointi ovat etusijalla!<\/p><\/div><\/section><section data-etch-element=\"section\" class=\"contact-info-section\"><div data-etch-element=\"container\" class=\"contact-info-section__container\">\n<h2 class=\"wp-block-heading has-text-align-center\">Yhteystiedot<\/h2>\n\n<div class=\"wp-block-group is-layout-constrained wp-block-group-is-layout-constrained\">\n<p class=\"has-text-align-left\"><strong>Koulun puolelta toiminnan vastuuhenkil\u00f6n\u00e4<\/strong><\/p>\n\n\n\n<div class=\"wp-block-group is-layout-flow wp-block-group-is-layout-flow\">\n<p class=\"has-text-align-left\">Kati Peiponen<\/p>\n\n\n\n<p class=\"has-text-align-left\">kati.peiponen@gmail.com<\/p>\n<\/div>\n<\/div>\n\n<div class=\"wp-block-group is-layout-constrained wp-block-group-is-layout-constrained\">\n<p><strong>P\u00e4iv\u00e4kodin puolelta toiminnan vastuuhenkil\u00f6n\u00e4<\/strong><\/p>\n\n\n\n<div class=\"wp-block-group is-layout-flow wp-block-group-is-layout-flow\">\n<p>Nuppu M\u00e4kinen<\/p>\n\n\n\n<p>nuppu.makinen@gmail.com<\/p>\n<\/div>\n<\/div>\n<\/div><\/section>","protected":false},"excerpt":{"rendered":"","protected":false},"author":1,"featured_media":0,"parent":0,"menu_order":0,"comment_status":"closed","ping_status":"closed","template":"","meta":{"slim_seo":{"title":"Koti ja koulu jaosto - Fiskarsin kyl\u00e4koulu","description":""},"footnotes":""},"class_list":["post-990","page","type-page","status-publish","hentry"],"_links":{"self":[{"href":"https:\/\/fiskarsinkoulu.fi\/sv\/wp-json\/wp\/v2\/pages\/990","targetHints":{"allow":["GET"]}}],"collection":[{"href":"https:\/\/fiskarsinkoulu.fi\/sv\/wp-json\/wp\/v2\/pages"}],"about":[{"href":"https:\/\/fiskarsinkoulu.fi\/sv\/wp-json\/wp\/v2\/types\/page"}],"author":[{"embeddable":true,"href":"https:\/\/fiskarsinkoulu.fi\/sv\/wp-json\/wp\/v2\/users\/1"}],"replies":[{"embeddable":true,"href":"https:\/\/fiskarsinkoulu.fi\/sv\/wp-json\/wp\/v2\/comments?post=990"}],"version-history":[{"count":11,"href":"https:\/\/fiskarsinkoulu.fi\/sv\/wp-json\/wp\/v2\/pages\/990\/revisions"}],"predecessor-version":[{"id":1167,"href":"https:\/\/fiskarsinkoulu.fi\/sv\/wp-json\/wp\/v2\/pages\/990\/revisions\/1167"}],"wp:attachment":[{"href":"https:\/\/fiskarsinkoulu.fi\/sv\/wp-json\/wp\/v2\/media?parent=990"}],"curies":[{"name":"wp","href":"https:\/\/api.w.org\/{rel}","templated":true}]}}