{"id":980,"date":"2026-04-13T15:53:01","date_gmt":"2026-04-13T12:53:01","guid":{"rendered":"https:\/\/fiskarsinkoulu.fi\/tervetuloa\/"},"modified":"2026-04-20T09:15:36","modified_gmt":"2026-04-20T06:15:36","slug":"tervetuloa","status":"publish","type":"page","link":"https:\/\/fiskarsinkoulu.fi\/sv\/tervetuloa\/","title":{"rendered":"Tervetuloa kouluun"},"content":{"rendered":"<section data-etch-element=\"section\" class=\"hero-alpha\"><div data-etch-element=\"container\" class=\"hero-alpha__inner\"><div data-etch-element=\"flex-div\" class=\"hero-alpha__content-wrapper\"><h1 class=\"hero-alpha__heading\">Tervetuloa kouluun<\/h1><p class=\"hero-alpha__text hero-lede\">Fiskarsin koulu on Fiskarsin, Antskogin ja Bollstan alueella asuvien lasten l\u00e4hikoulu.<\/p><\/div><figure data-etch-element=\"flex-div\" class=\"hero-alpha__media-wrapper\"><img loading=\"lazy\" decoding=\"async\"  sizes=\"auto, (max-width: 1000px) 100vw, 1000px\" srcset=\"https:\/\/fiskarsinkoulu.fi\/wp-content\/uploads\/2025\/11\/D2A5172_Final_Web.webp 1000w, https:\/\/fiskarsinkoulu.fi\/wp-content\/uploads\/2025\/11\/D2A5172_Final_Web-300x200.webp 300w, https:\/\/fiskarsinkoulu.fi\/wp-content\/uploads\/2025\/11\/D2A5172_Final_Web-150x150.webp 150w, https:\/\/fiskarsinkoulu.fi\/wp-content\/uploads\/2025\/11\/D2A5172_Final_Web-768x512.webp 768w\" src=\"https:\/\/fiskarsinkoulu.fi\/wp-content\/uploads\/2025\/11\/D2A5172_Final_Web.webp\" alt=\"D2A5172 Final Web\" width=\"1000\" height=\"667\" class=\"hero-alpha__image hero-alpha__media\" \/><\/figure><\/div><\/section><section data-etch-element=\"section\" class=\"content-section-victor\"><div data-etch-element=\"container\" class=\"content-section-victor__content-wrapper\"><div data-etch-element=\"flex-div\" class=\"content-section-victor__heading-group\"><h2 class=\"content-section-victor__heading\">L\u00e4hikoulu \u2013 ilmoittautumisinfo<\/h2><\/div><div data-etch-element=\"flex-div\" class=\"content-section-victor__text-group smart-spacing\"><p class=\"content-section-victor__text\">L\u00e4hikoulu m\u00e4\u00e4r\u00e4ytyy lapsen \u00e4idinkielen, l\u00e4hiosoitteen ja Raaseporin sivistyslautakunnan vahvistamien oppilaaksiottoalueiden mukaan. Kaupunki saa \u00e4idinkieli- ja osoitetiedot v\u00e4est\u00f6rekisterist\u00e4.<\/p><p class=\"content-section-victor__text\">Huoltaja voi anoa lapselleen koulunk\u00e4yntioikeutta muussa kuin l\u00e4hikoulussa. T\u00e4m\u00e4 lomake l\u00f6ytyy kaupungin kotisivuilta osoitteesta:<\/p><a href=\"https:\/\/www.raasepori.fi\/lapset-nuoret-opetus\/perusopetus\/lomakkeita\">https:\/\/www.raasepori.fi\/lapset-nuoret-opetus\/perusopetus\/lomakkeita<\/a><\/div><\/div><\/section><section data-etch-element=\"section\" class=\"featured-content-alpha\"><div data-etch-element=\"container\" class=\"featured-content-alpha__container\"><h2 class=\"featured-content-alpha__heading\">Tervetuloa kouluun syksyll\u00e4 2026!<\/h2><p class=\"featured-content-alpha__text\">Oppilaiden ilmoittaminen peruskoulun 1. luokalle alkaa. Peruskoulun 1. luokan syksyll\u00e4 2026 aloittavat lapset ilmoitetaan kouluun s\u00e4hk\u00f6isesti. Tulevien ekaluokkalaisten koteihin l\u00e4hetet\u00e4\u00e4n kirje, josta l\u00f6ytyv\u00e4t ohjeet miten ilmoittautuminen tehd\u00e4\u00e4n. Jos kirje ei ole tullut viimeist\u00e4\u00e4n viikolla 4, ottakaa yhteys sivistyskansliaan, puh. 019 289 2143.<\/p><p class=\"featured-content-alpha__text\">S\u00e4hk\u00f6inen ilmoittautuminen koskee vuonna 2019 tai sit\u00e4 ennen syntyneit\u00e4 lapsia, jotka eiv\u00e4t viel\u00e4 ole aloittaneet koulunk\u00e4ynti\u00e4\u00e4n on avoinna 20.01. alkaen 31.01. asti tehd\u00e4\u00e4n Wilma-ohjelmassa osoitteessa raseborg.inschool.fi (Huom! Ei Wilma-appiss\u00e4).<\/p><p class=\"featured-content-alpha__text\">Kotiin tulevassa kirjeess\u00e4 lapselle ilmoitetaan l\u00e4hikoulu. L\u00e4hikoulu on m\u00e4\u00e4ritelty v\u00e4est\u00f6rekisterin osoitetiedon ja \u00e4idinkielen sek\u00e4 sivistyslautakunnan p\u00e4\u00e4tt\u00e4mien oppilaaksiottoalueiden perusteella. Huoltaja voi erikseen anoa lapselleen oikeutta koulunk\u00e4yntiin muussa kuin suomenkielisess\u00e4 tai ruotsinkielisess\u00e4 l\u00e4hikoulussa.<\/p><p class=\"featured-content-alpha__text\">Huom! Toisen kotimaisen kielen l\u00e4hikouluun ei tarvitse erikseen anoa, siihen riitt\u00e4\u00e4 ilmoitus Wilmassa.<\/p><p class=\"featured-content-alpha__text\">Jos haluatte lapsenne aloittavan koulunk\u00e4ynnin vuotta s\u00e4\u00e4detty\u00e4 aikaisemmin tai my\u00f6hemmin, ottakaa yhteys opetusp\u00e4\u00e4llikk\u00f6 Jari Salminen, puh. 019 289 2148.<\/p><p class=\"featured-content-alpha__text\">Sivistyskanslia neuvoo ilmoittautumiseen liittyviss\u00e4 kysymyksiss\u00e4, puh 019 289 2143.<\/p><p class=\"featured-content-alpha__text\">Syyslukukausi kaupungin peruskouluissa alkaa tiistaina 12.08.2026.<\/p><a href=\"https:\/\/www.raseborg.fi\/fi\/varhaiskasvatus-ja-koulutus\/perusopetus\/kouluun-ilmoittautuminen\/\" class=\"btn--secondary\" target=\"_blank\">Ilmoittaudu kouluun<\/a><\/div><div data-etch-element=\"container\"><p class=\"featured-content-alpha__accent-heading accent-text\">Fiskarsin kyl\u00e4koulu toivottaa kaikki tervetulleiksi oppimisen polulle syksyll\u00e4 2026!<\/p><\/div><\/section>","protected":false},"excerpt":{"rendered":"","protected":false},"author":1,"featured_media":0,"parent":0,"menu_order":0,"comment_status":"closed","ping_status":"closed","template":"","meta":{"slim_seo":{"title":"Tervetuloa kouluun - Fiskarsin kyl\u00e4koulu","description":""},"footnotes":""},"class_list":["post-980","page","type-page","status-publish","hentry"],"_links":{"self":[{"href":"https:\/\/fiskarsinkoulu.fi\/sv\/wp-json\/wp\/v2\/pages\/980","targetHints":{"allow":["GET"]}}],"collection":[{"href":"https:\/\/fiskarsinkoulu.fi\/sv\/wp-json\/wp\/v2\/pages"}],"about":[{"href":"https:\/\/fiskarsinkoulu.fi\/sv\/wp-json\/wp\/v2\/types\/page"}],"author":[{"embeddable":true,"href":"https:\/\/fiskarsinkoulu.fi\/sv\/wp-json\/wp\/v2\/users\/1"}],"replies":[{"embeddable":true,"href":"https:\/\/fiskarsinkoulu.fi\/sv\/wp-json\/wp\/v2\/comments?post=980"}],"version-history":[{"count":12,"href":"https:\/\/fiskarsinkoulu.fi\/sv\/wp-json\/wp\/v2\/pages\/980\/revisions"}],"predecessor-version":[{"id":1166,"href":"https:\/\/fiskarsinkoulu.fi\/sv\/wp-json\/wp\/v2\/pages\/980\/revisions\/1166"}],"wp:attachment":[{"href":"https:\/\/fiskarsinkoulu.fi\/sv\/wp-json\/wp\/v2\/media?parent=980"}],"curies":[{"name":"wp","href":"https:\/\/api.w.org\/{rel}","templated":true}]}}