{"id":974,"date":"2026-04-09T05:24:30","date_gmt":"2026-04-09T02:24:30","guid":{"rendered":"https:\/\/fiskarsinkoulu.fi\/koulusta\/"},"modified":"2026-04-20T09:15:37","modified_gmt":"2026-04-20T06:15:37","slug":"koulusta","status":"publish","type":"page","link":"https:\/\/fiskarsinkoulu.fi\/sv\/koulusta\/","title":{"rendered":"Fiskarsin kyl\u00e4koulu"},"content":{"rendered":"<section data-etch-element=\"section\" class=\"hero-alpha\"><div data-etch-element=\"container\" class=\"hero-alpha__inner\"><div data-etch-element=\"flex-div\" class=\"hero-alpha__content-wrapper\"><h1 class=\"hero-alpha__heading\">Fiskarsin kyl\u00e4koulu<\/h1><p class=\"hero-lede\">Fiskarsin kyl\u00e4koulu on pieni koulu suuressa ymp\u00e4rist\u00f6ss\u00e4. T\u00e4\u00e4ll\u00e4 oppiminen tapahtuu luokkahuoneiden lis\u00e4ksi ruukin k\u00e4sity\u00f6l\u00e4isten verstailla, l\u00e4himetsiss\u00e4 ja kulttuurin \u00e4\u00e4rell\u00e4 \u2013 aina lapsuuden ehdoilla.<\/p><p class=\"accent-text slogan\">&#8211; Meid\u00e4n koulu on l\u00e4hella kotia<\/p><\/div><figure data-etch-element=\"flex-div\" class=\"hero-alpha__media-wrapper\"><img loading=\"lazy\" decoding=\"async\"  sizes=\"auto, (max-width: 800px) 100vw, 800px\" srcset=\"https:\/\/fiskarsinkoulu.fi\/wp-content\/uploads\/2026\/03\/kartta_flat_ilman_taustaa_3012-1.webp 800w, https:\/\/fiskarsinkoulu.fi\/wp-content\/uploads\/2026\/03\/kartta_flat_ilman_taustaa_3012-1-300x259.webp 300w, https:\/\/fiskarsinkoulu.fi\/wp-content\/uploads\/2026\/03\/kartta_flat_ilman_taustaa_3012-1-150x150.webp 150w, https:\/\/fiskarsinkoulu.fi\/wp-content\/uploads\/2026\/03\/kartta_flat_ilman_taustaa_3012-1-768x663.webp 768w\" src=\"https:\/\/fiskarsinkoulu.fi\/wp-content\/uploads\/2026\/03\/kartta_flat_ilman_taustaa_3012-1.webp\" alt=\"Kartta flat ilman taustaa 3012 (1)\" width=\"800\" height=\"691\" class=\"hero-alpha__media\" \/><\/figure><\/div><\/section><section data-etch-element=\"section\" class=\"content-intro\"><div data-etch-element=\"container\" class=\"content-intro__container\"><div class=\"content-intro__content-wrapper-left\"><p class=\"content-intro__text\">Fiskarsin kyl\u00e4koulu sijaitsee Fiskarsin vanhassa ruukki milj\u00f6\u00f6ss\u00e4, Raaseporin kunnassa L\u00e4nsi-Uudellamaalla. Koululla annetaan perusopetusta luokilla 1.\u20136. Lapset tulevat kouluun Fiskarsin, Bollstan ja Antskogin alueelta. Kouluun voi hakea Raaseporin kaupungilta my\u00f6s muilla l\u00e4hialueilla asuvat asukkaat, joiden l\u00e4hikoulu on jokin muu kuin Fiskarsin kyl\u00e4koulu.<\/p><p class=\"content-intro__text\">Lapsilla on k\u00e4yt\u00f6ss\u00e4\u00e4n j\u00e4\u00e4 ja ladut talvella, eri urheilulajeihin sopivia kentti\u00e4 l\u00e4hiymp\u00e4rist\u00f6ss\u00e4, metsi\u00e4 polkuineen ja kallioineen ja liikuntasali. Joka vuosi marjastetaan ja tehd\u00e4\u00e4n retki\u00e4 l\u00e4himetsiin.<\/p><\/div><div class=\"content-intro__content-wrapper-right\"><p class=\"content-intro__text\">Koulu ty\u00f6skentelee laajennetussa oppimisymp\u00e4rist\u00f6ss\u00e4. Hy\u00f6dynn\u00e4mme Fiskarsin ruukin kulttuurihistoriallisesti arvokasta milj\u00f6\u00f6t\u00e4 ja paikallisten taiteilijoiden, k\u00e4sity\u00f6l\u00e4isten ja kulttuurin moniosaajien asiantuntemusta ty\u00f6skentelem\u00e4ll\u00e4 heid\u00e4n ty\u00f6huoneillaan vuosittain. Luokat vierailevat vuosittain ruukin n\u00e4yttelyiss\u00e4. Teatteri- ja muita kulttuuriivierailuja tehd\u00e4\u00e4n joka vuosi 150 km:n s\u00e4teell\u00e4.<\/p><p class=\"content-intro__text\">Aktiiviset vanhemmat tukevat koulun toimintaa (Koti-, koulu- ja p\u00e4iv\u00e4kotijaosto) j\u00e4rjest\u00e4m\u00e4ll\u00e4 mm. aktiviteetteja ja tapahtumia.<\/p><\/div><\/div><div data-etch-element=\"container\" class=\"content-intro__footer\"><p class=\"content-intro__slogan accent-text slogan\">Koko henkil\u00f6kuntamme tavoitteena on antaa lapsuudelle tilaa.<\/p><\/div><\/section><section data-etch-element=\"section\" class=\"contact-info\"><div data-etch-element=\"container\" class=\"contact-info__container\"><div data-etch-element=\"container\" data-alignment=\"Right\" style=\"--overlap-ratio: 2\" class=\"featured-testimonial-foxtrot\"><figure class=\"featured-testimonial-foxtrot__image-wrapper\"><img decoding=\"async\" src=\"https:\/\/fiskarsinkoulu.fi\/wp-content\/uploads\/2026\/04\/D2A5975_Final_Web.webp\" alt=\"D2A5975 Final Web\" class=\"featured-testimonial-foxtrot__image\" \/><\/figure><div data-etch-element=\"flex-div\" class=\"featured-testimonial-foxtrot__content-card\"><p class=\"featured-testimonial-foxtrot__quote\">Fiskarsin kyl\u00e4koulu<\/p><div><p class=\"featured-testimonial-foxtrot__text\">Opintie 5, 10470 FISKARS<\/p><p class=\"featured-testimonial-foxtrot__text\">puh. 019 289 3576<\/p><\/div><div data-etch-element=\"flex-div\" class=\"featured-testimonial-foxtrot__name-wrapper\"><p class=\"featured-testimonial-foxtrot__name\">Koulunjohtaja Anne Koivuporras<\/p><p class=\"featured-testimonial-foxtrot__title\">fiskarin.koulu@raasepori.fi<\/p><\/div><p>Oppilaita koulussa on t\u00e4ll\u00e4 hetkell\u00e4 48 ja esikoululaisia 4.<\/p><\/div><\/div><\/div><\/section><section data-etch-element=\"section\" class=\"content-split-alpha\"><div data-etch-element=\"container\" class=\"content-split-alpha__container\"><div class=\"content-split-alpha__content-wrapper\"><h2 class=\"content-split-alpha__heading\">Henkil\u00f6kunta<\/h2><p class=\"content-split-alpha__text\">Rehtori Anne Koivuporras toimii tuntiopettajana muun muassa ruotsinkielen tunneilla. 1.\u20132. luokkaa opettaa Heli Wuorenrinne. 3.\u20134 luokkaa Sirpa Hellen ja 5.\u20136. luokkaa Minna Flemmich. Koulumme ohjaajat ovat Tarja Vuori, Saana Pietil\u00e4 ja Margarita Hauhia.<\/p><p class=\"content-split-alpha__text\">Lis\u00e4ksi koululla ty\u00f6skentelee siivoojamme P\u00e4ivi Lahti ja ruokalassa keitt\u00e4j\u00e4n\u00e4 Lena Huldin. Viikoittain koululla k\u00e4y Kuraattori Maisa Hakanen, erityisopettaja Rauni Rokka, koulupsykologi Sari Sevon ja terveydenhoitaja Pirkko Lempinen. Musiikkia opettaa Laura Katila.<\/p><\/div><figure class=\"content-split-alpha__media-wrapper\"><img loading=\"lazy\" decoding=\"async\"  sizes=\"auto, (max-width: 500px) 100vw, 500px\" srcset=\"https:\/\/fiskarsinkoulu.fi\/wp-content\/uploads\/2026\/03\/Helmitaulu_flat_ilman_taustaa_1512.webp 500w, https:\/\/fiskarsinkoulu.fi\/wp-content\/uploads\/2026\/03\/Helmitaulu_flat_ilman_taustaa_1512-300x277.webp 300w, https:\/\/fiskarsinkoulu.fi\/wp-content\/uploads\/2026\/03\/Helmitaulu_flat_ilman_taustaa_1512-150x150.webp 150w\" src=\"https:\/\/fiskarsinkoulu.fi\/wp-content\/uploads\/2026\/03\/Helmitaulu_flat_ilman_taustaa_1512.webp\" alt=\"Helmitaulu flat ilman taustaa\" width=\"500\" height=\"461\" class=\"content-split-alpha__image\" \/><\/figure><\/div><\/section><section data-etch-element=\"section\" class=\"features-grid\"><div class=\"features-grid__container\"><div class=\"features-grid__header\"><h2 class=\"features-grid__headline\">Iltap\u00e4iv\u00e4toiminta ja kerhot<\/h2><\/div><div class=\"features-grid__grid\"><div class=\"features-grid__card\"><div><h3 class=\"features-grid__title\">Nuokkari<\/h3><p class=\"features-grid__subtitle\">\u2013 maanantaisin ja tiistaisin 3.\u20136. luokkalaisille lapsille.<\/p><\/div><p class=\"features-grid__text\"><\/p><\/div><div class=\"features-grid__card\"><div><h3 class=\"features-grid__title\">Ilttis<\/h3><p class=\"features-grid__subtitle\">\u2013 joka p\u00e4iv\u00e4 1.\u20132. luokkalaisille klo 13\u201317<\/p><\/div><p class=\"features-grid__text\">Raaseporin kaupunki j\u00e4rjest\u00e4\u00e4 koulujen 1.\u20132. luokkalaisille iltap\u00e4iv\u00e4toimintaa koulun j\u00e4lkeen klo 13\u201317. Iltap\u00e4iv\u00e4toimintaan ilmoittaudutaan mukaan Raaseporin kaupungin Wilman kautta.<\/p><\/div><div class=\"features-grid__card\"><h3 class=\"features-grid__title\">Suomen mallin kerhot<\/h3><p class=\"features-grid__text\">Lukukausittain vaihtuvia kerhoja muun muassa liikunnan, k\u00e4dentaitojen, luonnon ja itseilmaisun parissa.<\/p><\/div><div class=\"features-grid__card\"><h3 class=\"features-grid__title\">Taiteen perusopetus<\/h3><p class=\"features-grid__text\">Kuvataidekoulu Colorikus j\u00e4rjest\u00e4\u00e4 kuvataideopetusta eri ik\u00e4 ryhmille. Colorikus kuuluu taiteenperusopetuksen ohjelmaan. Kursseille ilmoittaudutaan Raaseporin kansalaisopiston kautta.<\/p><\/div><div class=\"features-grid__card\"><h3 class=\"features-grid__title\">MLL Fiskarin paikallisyhdistys<\/h3><p class=\"features-grid__text\">Yhdistys tarjoaa erilaisia harrastekerhoja koululaisille. T\u00e4ll\u00e4 hetkell\u00e4 tarjonnassa on muun muassa pallokerho, b\u00e4ndikerho ja kuvataidekerho lapsille ja heid\u00e4n vanhemmilleen.<\/p><\/div><div class=\"features-grid__card\"><h3 class=\"features-grid__title\">Pallokerhossa<\/h3><p class=\"features-grid__text\">Pallokerho kokoontuu viikottain ja siell\u00e4 pelataan erilaisia pallopelej\u00e4. Tarjolla on kaksi ryhm\u00e4\u00e4 esikoulu-kakkosluokkalaiset ja kolmos-kuutosluokkalaisten ryhm\u00e4t.<\/p><\/div><div class=\"features-grid__card\"><h3 class=\"features-grid__title\">B\u00e4ndikerho<\/h3><p class=\"features-grid__text\">B\u00e4ndikerho aloittaa joka syksy toimintansa, vanhat b\u00e4ndit jatkavat usein toimintaa usean vuoden, mutta mukaan kannattaa tulla. Opettajana toimii Olli Kari, joka etsii halukkaille sopivan kokoonpanon johon liitty\u00e4, tai mik\u00e4li halukkaita on tarpeeksi voidaan perustaa uusi b\u00e4ndi. B\u00e4ndit harjoittelevat viikoittain ja tuottavat kerhon aikana omia biisej\u00e4. Usein kev\u00e4isin b\u00e4ndit esiintyv\u00e4t jossakin ruukin tapahtumassa. Kerhossa toteutetaan musiikkivideo kauden aikana tehdyst\u00e4 ja harjoittelusta kappaleesta.<\/p><\/div><\/div><\/div><\/section>","protected":false},"excerpt":{"rendered":"","protected":false},"author":1,"featured_media":0,"parent":0,"menu_order":0,"comment_status":"closed","ping_status":"closed","template":"","meta":{"slim_seo":{"title":"Fiskarsin kyl\u00e4koulu - Fiskarsin kyl\u00e4koulu","description":""},"footnotes":""},"class_list":["post-974","page","type-page","status-publish","hentry"],"_links":{"self":[{"href":"https:\/\/fiskarsinkoulu.fi\/sv\/wp-json\/wp\/v2\/pages\/974","targetHints":{"allow":["GET"]}}],"collection":[{"href":"https:\/\/fiskarsinkoulu.fi\/sv\/wp-json\/wp\/v2\/pages"}],"about":[{"href":"https:\/\/fiskarsinkoulu.fi\/sv\/wp-json\/wp\/v2\/types\/page"}],"author":[{"embeddable":true,"href":"https:\/\/fiskarsinkoulu.fi\/sv\/wp-json\/wp\/v2\/users\/1"}],"replies":[{"embeddable":true,"href":"https:\/\/fiskarsinkoulu.fi\/sv\/wp-json\/wp\/v2\/comments?post=974"}],"version-history":[{"count":15,"href":"https:\/\/fiskarsinkoulu.fi\/sv\/wp-json\/wp\/v2\/pages\/974\/revisions"}],"predecessor-version":[{"id":1178,"href":"https:\/\/fiskarsinkoulu.fi\/sv\/wp-json\/wp\/v2\/pages\/974\/revisions\/1178"}],"wp:attachment":[{"href":"https:\/\/fiskarsinkoulu.fi\/sv\/wp-json\/wp\/v2\/media?parent=974"}],"curies":[{"name":"wp","href":"https:\/\/api.w.org\/{rel}","templated":true}]}}