{"id":336,"date":"2026-02-21T06:38:34","date_gmt":"2026-02-21T06:38:34","guid":{"rendered":"https:\/\/golife.viljamedia.com\/hem\/"},"modified":"2026-04-23T14:48:08","modified_gmt":"2026-04-23T11:48:08","slug":"koti","status":"publish","type":"page","link":"https:\/\/fiskarsinkoulu.fi\/sv\/","title":{"rendered":"Koti"},"content":{"rendered":"<section data-etch-element=\"section\" class=\"hero-alpha\"><div data-etch-element=\"container\" class=\"hero-alpha__inner\"><div data-etch-element=\"flex-div\" class=\"hero-alpha__content-wrapper\"><figure class=\"hero-alpha__logo-wrapper\"><img loading=\"lazy\" decoding=\"async\"  sizes=\"auto, (max-width: 801px) 100vw, 801px\" srcset=\"https:\/\/fiskarsinkoulu.fi\/wp-content\/uploads\/2026\/03\/fiskarsin_koulu_logo-1.webp 801w, https:\/\/fiskarsinkoulu.fi\/wp-content\/uploads\/2026\/03\/fiskarsin_koulu_logo-1-300x76.webp 300w, https:\/\/fiskarsinkoulu.fi\/wp-content\/uploads\/2026\/03\/fiskarsin_koulu_logo-1-150x150.webp 150w, https:\/\/fiskarsinkoulu.fi\/wp-content\/uploads\/2026\/03\/fiskarsin_koulu_logo-1-768x196.webp 768w\" src=\"https:\/\/fiskarsinkoulu.fi\/wp-content\/uploads\/2026\/03\/fiskarsin_koulu_logo-1.webp\" alt=\"Fiskarsin koulu logo\" width=\"801\" height=\"204\" class=\"hero-alpha__logo\" \/><\/figure><p class=\"accent-text slogan\">&#8211; Meid\u00e4n koulu on l\u00e4hell\u00e4 kotia<\/p><\/div><figure data-etch-element=\"flex-div\" class=\"hero-alpha__media-wrapper\"><img loading=\"lazy\" decoding=\"async\"  sizes=\"auto, (max-width: 1500px) 100vw, 1500px\" srcset=\"https:\/\/fiskarsinkoulu.fi\/wp-content\/uploads\/2026\/03\/omenapuu_new_flat_ilmantaustaa-1.webp 1500w, https:\/\/fiskarsinkoulu.fi\/wp-content\/uploads\/2026\/03\/omenapuu_new_flat_ilmantaustaa-1-300x242.webp 300w, https:\/\/fiskarsinkoulu.fi\/wp-content\/uploads\/2026\/03\/omenapuu_new_flat_ilmantaustaa-1-1024x827.webp 1024w, https:\/\/fiskarsinkoulu.fi\/wp-content\/uploads\/2026\/03\/omenapuu_new_flat_ilmantaustaa-1-150x150.webp 150w, https:\/\/fiskarsinkoulu.fi\/wp-content\/uploads\/2026\/03\/omenapuu_new_flat_ilmantaustaa-1-768x620.webp 768w\" src=\"https:\/\/fiskarsinkoulu.fi\/wp-content\/uploads\/2026\/03\/omenapuu_new_flat_ilmantaustaa-1.webp\" alt=\"Omenapuu new flat ilmantaustaa\" width=\"1500\" height=\"1211\" class=\"hero-alpha__media\" \/><\/figure><\/div><\/section><section data-etch-element=\"section\" class=\"content-section-victor\" id=\"fiskarsin-kylakoulu\"><div data-etch-element=\"container\" class=\"content-section-victor__content-wrapper\"><div data-etch-element=\"flex-div\" class=\"content-section-victor__heading-group\"><h2 class=\"content-section-victor__heading\">Fiskarsin kyl\u00e4koulu<\/h2><a href=\"\/sv\/koulusta\/\" class=\"text-link\"><figure class=\"text-link__icon\"><img loading=\"lazy\" decoding=\"async\"  sizes=\"auto, (max-width: 100px) 100vw, 100px\" srcset=\"https:\/\/fiskarsinkoulu.fi\/wp-content\/uploads\/2026\/03\/tammi_vari2_flat_ilmantaustaa.webp 100w\" src=\"https:\/\/fiskarsinkoulu.fi\/wp-content\/uploads\/2026\/03\/tammi_vari2_flat_ilmantaustaa.webp\" alt=\"Tammi va\u0308ri2 flat ilmantaustaa\" width=\"100\" height=\"100\" \/><\/figure>Lue lis\u00e4\u00e4 Fiskarsin kyl\u00e4koulusta <svg width=\"16\" height=\"16\" fill=\"currentColor\" class=\"bi bi-arrow-right\" viewbox=\"0 0 16 16\"><path fill-rule=\"evenodd\" d=\"M1 8a.5.5 0 0 1 .5-.5h11.793l-3.147-3.146a.5.5 0 0 1 .708-.708l4 4a.5.5 0 0 1 0 .708l-4 4a.5.5 0 0 1-.708-.708L13.293 8.5H1.5A.5.5 0 0 1 1 8\"><\/path><\/svg> <\/a><\/div><div data-etch-element=\"flex-div\" class=\"content-section-victor__text-group smart-spacing\"><p class=\"content-section-victor__text\">Meid\u00e4n kyl\u00e4koulu on Tammkullan m\u00e4ell\u00e4 1950-luvulla rakennettu koulurakennus, sek\u00e4 1920-luvulla rakennettu Takotalo, joita ymp\u00e4r\u00f6iv\u00e4t rauhalliset kumpuilevat maisemat.<\/p><p class=\"content-section-victor__text\">Monen koululaisen matka koulun m\u00e4elle k\u00e4y Opintiet\u00e4 pitkin, mutta koululle p\u00e4\u00e4see polkuja niin pellon laitaa kuin mets\u00e4nkin l\u00e4pi ja v\u00e4lill\u00e4 matkan varrella saattaa t\u00f6rm\u00e4t\u00e4 niin peuraan kuin j\u00e4nikseenkin.<\/p><p class=\"content-section-victor__text\">Koulun pihalla lapset p\u00e4\u00e4sev\u00e4t pelaamaan koripalloa ja pingist\u00e4, leikkim\u00e4\u00e4n hippaa ja keinumaan. Monenkirjavat majat rakentuvat mets\u00e4n siimekseen ja talvisin pulkat ja luikurit sujahtelevat hankea pitkin. Koulun pihalla vietet\u00e4\u00e4n my\u00f6s monet oppitunnit luontoa ihmetellen.<\/p><\/div><\/div><figure data-etch-element=\"container\" class=\"content-section-victor__media-wrapper\"><img decoding=\"async\" src=\"https:\/\/fiskarsinkoulu.fi\/wp-content\/uploads\/2026\/03\/D2A5339_Final_Web.webp\" alt=\"D2A5339 Final Web\" class=\"content-section-victor__media\" \/><\/figure><\/section><section data-etch-element=\"section\" class=\"articles-section-alpha\" id=\"meilla-tapahtuu\"><div data-etch-element=\"container\" data-intro-style=\"Center\" class=\"section-intro\"><div data-etch-element=\"flex-div\" class=\"section-intro__content-wrapper\"><h2 data-headline-level=\"h2\" class=\"section-intro__headline\">Meill\u00e4 tapahtuu<\/h2><p class=\"section-intro__lede\">Fiskarsin kyl\u00e4koululla tapahtuu monenlaista. Voit lukea lis\u00e4\u00e4 tulevista ja menneist\u00e4 tapahtumista, retkist\u00e4 ja teemap\u00e4ivist\u00e4. Meid\u00e4n koulun vuosittain toistuvat tapahtumat l\u00f6ytyv\u00e4t heti sivun yl\u00e4laidasta.<\/p><\/div><\/div><ul data-etch-element=\"container\" class=\"articles-section-alpha__articles-list\"><li><article data-etch-element=\"flex-div\" class=\"article-card-alpha\"><div data-etch-element=\"flex-div\" class=\"article-card-alpha__content-wrapper\"><h3 class=\"article-card-alpha__heading\">Lapsimessut<\/h3><p class=\"article-card-alpha__description\">Fiskarsin koulun vanhempainjaosto l\u00e4htee Lapsimessuille Helsingin Messukeskukseen pe-su 24.-26.4.2026. <\/p><a href=\"\/sv\/esimerkki-1\/\" aria-label=\"Read \" class=\"article-card-alpha__link\">Lue lis\u00e4\u00e4<\/a><\/div><figure data-etch-element=\"flex-div\" class=\"article-card-alpha__media-wrapper\"><img decoding=\"async\" src=\"https:\/\/fiskarsinkoulu.fi\/wp-content\/uploads\/2025\/12\/Lapsimessut-blogitekstin-kuva.webp\" alt=\"\" class=\"article-card-alpha__media\" \/><div data-etch-element=\"flex-div\" class=\"article-card-alpha__meta-overlay\"><p class=\"article-card-alpha__date\">apr 13, 2026<\/p><\/div><\/figure><\/article><\/li><li><article data-etch-element=\"flex-div\" class=\"article-card-alpha\"><div data-etch-element=\"flex-div\" class=\"article-card-alpha__content-wrapper\"><h3 class=\"article-card-alpha__heading\">Kev\u00e4trieha<\/h3><p class=\"article-card-alpha__description\">Fiskarsin koulun ja p\u00e4iv\u00e4kodin koti- koulu ja p\u00e4iv\u00e4kotijaosto j\u00e4rjest\u00e4\u00e4 16.5. Kev\u00e4trieha nimisen tapahtuman klo 12-16. <\/p><a href=\"\/sv\/esimerkki-2\/\" aria-label=\"Read \" class=\"article-card-alpha__link\">Lue lis\u00e4\u00e4<\/a><\/div><figure data-etch-element=\"flex-div\" class=\"article-card-alpha__media-wrapper\"><img decoding=\"async\" src=\"https:\/\/fiskarsinkoulu.fi\/wp-content\/uploads\/2025\/11\/Kevatrieha-blogitekstin-kuva.webp\" alt=\"\" class=\"article-card-alpha__media\" \/><div data-etch-element=\"flex-div\" class=\"article-card-alpha__meta-overlay\"><p class=\"article-card-alpha__date\">mar 31, 2026<\/p><\/div><\/figure><\/article><\/li><li><article data-etch-element=\"flex-div\" class=\"article-card-alpha\"><div data-etch-element=\"flex-div\" class=\"article-card-alpha__content-wrapper\"><h3 class=\"article-card-alpha__heading\">Taiden\u00e4yttely<\/h3><p class=\"article-card-alpha__description\">Perjantaina 27.2. juhlittiin Fiskarsin kyl\u00e4koulun oppilasty\u00f6n\u00e4yttelyn avajaisia Kuparipajan Valkoisessa Salissa.<\/p><a href=\"\/sv\/esimerkki-3\/\" aria-label=\"Read \" class=\"article-card-alpha__link\">Lue lis\u00e4\u00e4<\/a><\/div><figure data-etch-element=\"flex-div\" class=\"article-card-alpha__media-wrapper\"><img decoding=\"async\" src=\"https:\/\/fiskarsinkoulu.fi\/wp-content\/uploads\/2025\/11\/Taidenayttely-blogitekstin-kuva.webp\" alt=\"\" class=\"article-card-alpha__media\" \/><div data-etch-element=\"flex-div\" class=\"article-card-alpha__meta-overlay\"><p class=\"article-card-alpha__date\">mar 09, 2026<\/p><\/div><\/figure><\/article><\/li><figure class=\"illustrations__peura\"><img loading=\"lazy\" decoding=\"async\"  sizes=\"auto, (max-width: 250px) 100vw, 250px\" srcset=\"https:\/\/fiskarsinkoulu.fi\/wp-content\/uploads\/2026\/03\/peura_ilmantaustaa.webp 250w, https:\/\/fiskarsinkoulu.fi\/wp-content\/uploads\/2026\/03\/peura_ilmantaustaa-235x300.webp 235w, https:\/\/fiskarsinkoulu.fi\/wp-content\/uploads\/2026\/03\/peura_ilmantaustaa-150x150.webp 150w\" src=\"https:\/\/fiskarsinkoulu.fi\/wp-content\/uploads\/2026\/03\/peura_ilmantaustaa.webp\" alt=\"Peura ilmantaustaa\" width=\"250\" height=\"319\" class=\"illustrations__image\" \/><\/figure><figure class=\"illustrations__helmitaulu\"><img loading=\"lazy\" decoding=\"async\"  sizes=\"auto, (max-width: 500px) 100vw, 500px\" srcset=\"https:\/\/fiskarsinkoulu.fi\/wp-content\/uploads\/2026\/03\/Helmitaulu_flat_ilman_taustaa_1512.webp 500w, https:\/\/fiskarsinkoulu.fi\/wp-content\/uploads\/2026\/03\/Helmitaulu_flat_ilman_taustaa_1512-300x277.webp 300w, https:\/\/fiskarsinkoulu.fi\/wp-content\/uploads\/2026\/03\/Helmitaulu_flat_ilman_taustaa_1512-150x150.webp 150w\" src=\"https:\/\/fiskarsinkoulu.fi\/wp-content\/uploads\/2026\/03\/Helmitaulu_flat_ilman_taustaa_1512.webp\" alt=\"Helmitaulu flat ilman taustaa\" width=\"500\" height=\"461\" class=\"illustrations__image\" \/><\/figure><\/ul><\/section><section data-etch-element=\"section\" class=\"illustration-section\"><div data-etch-element=\"container\" class=\"illustration-section__inner\"><figure class=\"illustration-section__media-wrapper\"><img loading=\"lazy\" decoding=\"async\"  sizes=\"auto, (max-width: 800px) 100vw, 800px\" srcset=\"https:\/\/fiskarsinkoulu.fi\/wp-content\/uploads\/2026\/03\/kartta_flat_ilman_taustaa_3012-1.webp 800w, https:\/\/fiskarsinkoulu.fi\/wp-content\/uploads\/2026\/03\/kartta_flat_ilman_taustaa_3012-1-300x259.webp 300w, https:\/\/fiskarsinkoulu.fi\/wp-content\/uploads\/2026\/03\/kartta_flat_ilman_taustaa_3012-1-150x150.webp 150w, https:\/\/fiskarsinkoulu.fi\/wp-content\/uploads\/2026\/03\/kartta_flat_ilman_taustaa_3012-1-768x663.webp 768w\" src=\"https:\/\/fiskarsinkoulu.fi\/wp-content\/uploads\/2026\/03\/kartta_flat_ilman_taustaa_3012-1.webp\" alt=\"Kartta flat ilman taustaa 3012 (1)\" width=\"800\" height=\"691\" class=\"illustration-section__image\" \/><\/figure><\/div><\/section><section data-etch-element=\"section\" class=\"feature-section-fiskars\" id=\"fiskarsissa\"><div data-etch-element=\"container\" data-intro-style=\"Center\" class=\"section-intro\"><div data-etch-element=\"flex-div\" class=\"section-intro__content-wrapper\"><h2 data-headline-level=\"h2\" class=\"section-intro__headline\">Fiskarsissa meill\u00e4 on<\/h2><\/div><\/div><ul data-etch-element=\"container\" class=\"feature-list-fiskars\"><li class=\"feature-list-fiskars__item\"><article class=\"feature-list-fiskars__article\"><figure class=\"feature-list-fiskars__media-wrapper\"><img decoding=\"async\" class=\"feature-list-fiskars__media\" src=\"https:\/\/fiskarsinkoulu.fi\/wp-content\/uploads\/2026\/03\/D2A5438_Final_Web.webp\" alt=\"D2A5438 Final Web\" \/><\/figure><div class=\"feature-list-fiskars__content-wrapper\"><h3 class=\"feature-list-fiskars__heading\">P\u00e4iv\u00e4koti<\/h3><p class=\"feature-list-fiskars__text\" style=\"\">Turvallinen ja l\u00e4mmin arki pienimmille \u2013 leikki\u00e4, oppimista ja yhdess\u00e4 kasvamista luonnon keskell\u00e4.<\/p><\/div><\/article><\/li><li class=\"feature-list-fiskars__item\"><article class=\"feature-list-fiskars__article\"><figure class=\"feature-list-fiskars__media-wrapper\"><img decoding=\"async\" class=\"feature-list-fiskars__media\" src=\"https:\/\/fiskarsinkoulu.fi\/wp-content\/uploads\/2026\/03\/D2A5504_Final_Web.webp\" alt=\"D2A5504 Final Web\" \/><\/figure><div class=\"feature-list-fiskars__content-wrapper\"><h3 class=\"feature-list-fiskars__heading\">Laajennettu oppimisymp\u00e4rist\u00f6<\/h3><p class=\"feature-list-fiskars__text\" style=\"\">Oppiminen ei rajoitu luokkahuoneeseen \u2013 hy\u00f6dynn\u00e4mme luontoa, kyl\u00e4yhteis\u00f6\u00e4 ja monipuolisia projekteja osana arkea.<\/p><\/div><\/article><\/li><li class=\"feature-list-fiskars__item\"><article class=\"feature-list-fiskars__article\"><figure class=\"feature-list-fiskars__media-wrapper\"><img decoding=\"async\" class=\"feature-list-fiskars__media\" src=\"https:\/\/fiskarsinkoulu.fi\/wp-content\/uploads\/2026\/03\/D2A5740_Final_Web.webp\" alt=\"D2A5740 Final Web\" \/><\/figure><div class=\"feature-list-fiskars__content-wrapper\"><h3 class=\"feature-list-fiskars__heading\">Paljon harrastus\u00admahdollisuuksia<\/h3><p class=\"feature-list-fiskars__text\" style=\"\">Fiskarsissa on runsaasti kerhoja ja harrastuksia, joissa lapset voivat kokeilla uutta, l\u00f6yt\u00e4\u00e4 intohimonsa ja viett\u00e4\u00e4 aikaa kavereiden kanssa.<\/p><\/div><\/article><\/li><\/ul><\/section><section data-etch-element=\"section\" class=\"content-section-fiskars\" id=\"tervetuloa-fiskarsiin\"><div data-etch-element=\"container\" class=\"content-section-fiskars__container\"><div class=\"content-section-fiskars__content-wrapper\"><h2 class=\"content-section-fiskars__heading\">Tervetuloa Fiskarsiin<\/h2><p class=\"content-section-fiskars__text\">Fiskarsin kyl\u00e4koulu on kyl\u00e4n ja yhteis\u00f6n syd\u00e4n, joka kokoaa perheet ja asukkaat yhteen ja luo ruukkikyl\u00e4n hengen. Fiskarsin el\u00e4v\u00e4 kyl\u00e4yhteis\u00f6 luo valloittavat puitteet koulun toiminnalle, paikallisten tekij\u00f6iden ja toimijoiden verkosto mahdollistaa moninaisen tapahtumien, teemap\u00e4ivien ja opetuksen j\u00e4rjest\u00e4misen monialaisesti.<\/p><\/div><figure class=\"content-section-fiskars__media-wrapper\"><img loading=\"lazy\" decoding=\"async\"  sizes=\"auto, (max-width: 1920px) 100vw, 1920px\" srcset=\"https:\/\/fiskarsinkoulu.fi\/wp-content\/uploads\/2026\/03\/D2A5774_Final_Web.webp 1920w, https:\/\/fiskarsinkoulu.fi\/wp-content\/uploads\/2026\/03\/D2A5774_Final_Web-300x200.webp 300w, https:\/\/fiskarsinkoulu.fi\/wp-content\/uploads\/2026\/03\/D2A5774_Final_Web-1024x683.webp 1024w, https:\/\/fiskarsinkoulu.fi\/wp-content\/uploads\/2026\/03\/D2A5774_Final_Web-150x150.webp 150w, https:\/\/fiskarsinkoulu.fi\/wp-content\/uploads\/2026\/03\/D2A5774_Final_Web-768x512.webp 768w, https:\/\/fiskarsinkoulu.fi\/wp-content\/uploads\/2026\/03\/D2A5774_Final_Web-1536x1024.webp 1536w\" src=\"https:\/\/fiskarsinkoulu.fi\/wp-content\/uploads\/2026\/03\/D2A5774_Final_Web.webp\" alt=\"D2A5774 Final Web\" width=\"1920\" height=\"1280\" class=\"content-section-fiskars__image\" \/><\/figure><\/div><\/section><section data-etch-element=\"section\" class=\"cta-section-fiskars\" id=\"cta-footer\"><div data-etch-element=\"container\" class=\"cta-section-fiskars__container\"><div data-etch-element=\"container\" data-intro-style=\"Center\" class=\"section-intro\"><div data-etch-element=\"flex-div\" class=\"section-intro__content-wrapper\"><h2 data-headline-level=\"h2\" class=\"section-intro__headline\">Kiinnostuitko el\u00e4m\u00e4st\u00e4 Fiskarsissa?<\/h2><p class=\"section-intro__lede\">Mietitytt\u00e4\u00e4k\u00f6 asuntoasiat tai millaista on asua maaseudulla el\u00e4v\u00e4ss\u00e4 kyl\u00e4ss\u00e4 ja yhteis\u00f6ss\u00e4? Ota yhteytt\u00e4, niin kerromme lis\u00e4\u00e4. Saat tietoa kyl\u00e4n palveluista, koulusta ja asumisesta paikallisilta perheilt\u00e4.<\/p><\/div><div class=\"section-intro__cta-wrapper\"><a href=\"\/sv\/yhteystiedot\/\" class=\"text-link section-intro__cta-primary\"><figure class=\"text-link__icon\"><img loading=\"lazy\" decoding=\"async\"  sizes=\"auto, (max-width: 100px) 100vw, 100px\" srcset=\"https:\/\/fiskarsinkoulu.fi\/wp-content\/uploads\/2026\/03\/tammi_vari2_flat_ilmantaustaa.webp 100w\" src=\"https:\/\/fiskarsinkoulu.fi\/wp-content\/uploads\/2026\/03\/tammi_vari2_flat_ilmantaustaa.webp\" alt=\"Tammi va\u0308ri2 flat ilmantaustaa\" width=\"100\" height=\"100\" \/><\/figure>Kaikki yhteystiedot <svg width=\"16\" height=\"16\" fill=\"currentColor\" class=\"bi bi-arrow-right\" viewbox=\"0 0 16 16\"><path fill-rule=\"evenodd\" d=\"M1 8a.5.5 0 0 1 .5-.5h11.793l-3.147-3.146a.5.5 0 0 1 .708-.708l4 4a.5.5 0 0 1 0 .708l-4 4a.5.5 0 0 1-.708-.708L13.293 8.5H1.5A.5.5 0 0 1 1 8\"><\/path><\/svg> <\/a><\/div><\/div><\/div><\/section>","protected":false},"excerpt":{"rendered":"","protected":false},"author":1,"featured_media":0,"parent":0,"menu_order":0,"comment_status":"closed","ping_status":"closed","template":"","meta":{"slim_seo":{"title":"Fiskarsin kyl\u00e4koulu - Yhteis\u00f6n syd\u00e4n ja l\u00e4mmin oppimisymp\u00e4rist\u00f6","description":""},"footnotes":""},"class_list":["post-336","page","type-page","status-publish","hentry"],"_links":{"self":[{"href":"https:\/\/fiskarsinkoulu.fi\/sv\/wp-json\/wp\/v2\/pages\/336","targetHints":{"allow":["GET"]}}],"collection":[{"href":"https:\/\/fiskarsinkoulu.fi\/sv\/wp-json\/wp\/v2\/pages"}],"about":[{"href":"https:\/\/fiskarsinkoulu.fi\/sv\/wp-json\/wp\/v2\/types\/page"}],"author":[{"embeddable":true,"href":"https:\/\/fiskarsinkoulu.fi\/sv\/wp-json\/wp\/v2\/users\/1"}],"replies":[{"embeddable":true,"href":"https:\/\/fiskarsinkoulu.fi\/sv\/wp-json\/wp\/v2\/comments?post=336"}],"version-history":[{"count":56,"href":"https:\/\/fiskarsinkoulu.fi\/sv\/wp-json\/wp\/v2\/pages\/336\/revisions"}],"predecessor-version":[{"id":1189,"href":"https:\/\/fiskarsinkoulu.fi\/sv\/wp-json\/wp\/v2\/pages\/336\/revisions\/1189"}],"wp:attachment":[{"href":"https:\/\/fiskarsinkoulu.fi\/sv\/wp-json\/wp\/v2\/media?parent=336"}],"curies":[{"name":"wp","href":"https:\/\/api.w.org\/{rel}","templated":true}]}}