{"id":333,"date":"2026-02-20T19:46:19","date_gmt":"2026-02-20T19:46:19","guid":{"rendered":"https:\/\/golife.viljamedia.com\/kontakt\/"},"modified":"2026-04-20T09:15:36","modified_gmt":"2026-04-20T06:15:36","slug":"yhteystiedot","status":"publish","type":"page","link":"https:\/\/fiskarsinkoulu.fi\/sv\/yhteystiedot\/","title":{"rendered":"Yhteystiedot"},"content":{"rendered":"<section class=\"kr-hero-stockholm\" aria-labelledby=\"hero-stockholm-headline\" data-etch-element=\"section\"><div class=\"kr-hero-stockholm__layout\" data-etch-element=\"container\" data-image-position=\"\"><div class=\"kr-hero-stockholm__content-wrapper\"><div class=\"kr-intro-section\" data-alignment=\"Left\" data-etch-element=\"container\" data-mobile-alignment=\"Left\"><div class=\"kr-intro-section__content-wrapper\"><h1 id=\"hero-stockholm-headline\" class=\"kr-intro-section__headline\">Yhteystiedot<\/h1><p class=\"kr-intro-section__lede\">Otathan yhteytt\u00e4 \u2014 vastaamme mielell\u00e4mme kysymyksiisi koulusta, tiloista tai muusta koulun toimintaan liittyv\u00e4st\u00e4.<\/p><\/div><\/div><div class=\"kr-hero-stockholm__form-wrapper\"><form action=\"https:\/\/fiskarsinkoulu.fi\/sv\/wp-json\/ws-form\/v1\/submit\" class=\"wsf-form wsf-form-canvas\" id=\"ws-form-1\" data-id=\"2\" method=\"POST\" data-instance-id=\"1\" data-wsf-style-id=\"3\"><\/form><\/div><\/div><div data-etch-element=\"container\" class=\"contact-info-section__container\"><div class=\"contact-info-section__content-wrapper\"><h3>Fiskarsin kyl\u00e4koulu<\/h3><div><div class=\"contact-info-section__content-wrapper-inline\"> <svg width=\"16\" height=\"16\" fill=\"currentColor\" class=\"bi bi-geo-alt\" viewBox=\"0 0 16 16\"><path d=\"M12.166 8.94c-.524 1.062-1.234 2.12-1.96 3.07A32 32 0 0 1 8 14.58a32 32 0 0 1-2.206-2.57c-.726-.95-1.436-2.008-1.96-3.07C3.304 7.867 3 6.862 3 6a5 5 0 0 1 10 0c0 .862-.305 1.867-.834 2.94M8 16s6-5.686 6-10A6 6 0 0 0 2 6c0 4.314 6 10 6 10\"><\/path><path d=\"M8 8a2 2 0 1 1 0-4 2 2 0 0 1 0 4m0 1a3 3 0 1 0 0-6 3 3 0 0 0 0 6\"><\/path><\/svg> <p>Opintie 5, 10470 FISKARS<\/p><\/div><div class=\"contact-info-section__content-wrapper-inline\"> <svg width=\"16\" height=\"16\" fill=\"currentColor\" class=\"bi bi-telephone\" viewBox=\"0 0 16 16\"><path d=\"M3.654 1.328a.678.678 0 0 0-1.015-.063L1.605 2.3c-.483.484-.661 1.169-.45 1.77a17.6 17.6 0 0 0 4.168 6.608 17.6 17.6 0 0 0 6.608 4.168c.601.211 1.286.033 1.77-.45l1.034-1.034a.678.678 0 0 0-.063-1.015l-2.307-1.794a.68.68 0 0 0-.58-.122l-2.19.547a1.75 1.75 0 0 1-1.657-.459L5.482 8.062a1.75 1.75 0 0 1-.46-1.657l.548-2.19a.68.68 0 0 0-.122-.58zM1.884.511a1.745 1.745 0 0 1 2.612.163L6.29 2.98c.329.423.445.974.315 1.494l-.547 2.19a.68.68 0 0 0 .178.643l2.457 2.457a.68.68 0 0 0 .644.178l2.189-.547a1.75 1.75 0 0 1 1.494.315l2.306 1.794c.829.645.905 1.87.163 2.611l-1.034 1.034c-.74.74-1.846 1.065-2.877.702a18.6 18.6 0 0 1-7.01-4.42 18.6 18.6 0 0 1-4.42-7.009c-.362-1.03-.037-2.137.703-2.877z\"><\/path><\/svg> <p>019 289 3576<\/p><\/div><div class=\"contact-info-section__content-wrapper-inline\"> <svg width=\"16\" height=\"16\" fill=\"currentColor\" class=\"bi bi-envelope-at\" viewBox=\"0 0 16 16\"><path d=\"M2 2a2 2 0 0 0-2 2v8.01A2 2 0 0 0 2 14h5.5a.5.5 0 0 0 0-1H2a1 1 0 0 1-.966-.741l5.64-3.471L8 9.583l7-4.2V8.5a.5.5 0 0 0 1 0V4a2 2 0 0 0-2-2zm3.708 6.208L1 11.105V5.383zM1 4.217V4a1 1 0 0 1 1-1h12a1 1 0 0 1 1 1v.217l-7 4.2z\"><\/path><path d=\"M14.247 14.269c1.01 0 1.587-.857 1.587-2.025v-.21C15.834 10.43 14.64 9 12.52 9h-.035C10.42 9 9 10.36 9 12.432v.214C9 14.82 10.438 16 12.358 16h.044c.594 0 1.018-.074 1.237-.175v-.73c-.245.11-.673.18-1.18.18h-.044c-1.334 0-2.571-.788-2.571-2.655v-.157c0-1.657 1.058-2.724 2.64-2.724h.04c1.535 0 2.484 1.05 2.484 2.326v.118c0 .975-.324 1.39-.639 1.39-.232 0-.41-.148-.41-.42v-2.19h-.906v.569h-.03c-.084-.298-.368-.63-.954-.63-.778 0-1.259.555-1.259 1.4v.528c0 .892.49 1.434 1.26 1.434.471 0 .896-.227 1.014-.643h.043c.118.42.617.648 1.12.648m-2.453-1.588v-.227c0-.546.227-.791.573-.791.297 0 .572.192.572.708v.367c0 .573-.253.744-.564.744-.354 0-.581-.215-.581-.8Z\"><\/path><\/svg> <p>fiskarin.koulu@raasepori.fi<\/p><\/div><\/div><div class=\"contact-info-section__content-wrapper-inline\"><p><strong>Koulunjohtaja:<\/strong><\/p><p>Anne Koivuporras<\/p><\/div><\/div><div class=\"contact-info-section__content-wrapper\"><h3>Tako ry<\/h3><div><div class=\"contact-info-section__content-wrapper-inline\"> <svg width=\"16\" height=\"16\" fill=\"currentColor\" class=\"bi bi-telephone\" viewBox=\"0 0 16 16\"><path d=\"M3.654 1.328a.678.678 0 0 0-1.015-.063L1.605 2.3c-.483.484-.661 1.169-.45 1.77a17.6 17.6 0 0 0 4.168 6.608 17.6 17.6 0 0 0 6.608 4.168c.601.211 1.286.033 1.77-.45l1.034-1.034a.678.678 0 0 0-.063-1.015l-2.307-1.794a.68.68 0 0 0-.58-.122l-2.19.547a1.75 1.75 0 0 1-1.657-.459L5.482 8.062a1.75 1.75 0 0 1-.46-1.657l.548-2.19a.68.68 0 0 0-.122-.58zM1.884.511a1.745 1.745 0 0 1 2.612.163L6.29 2.98c.329.423.445.974.315 1.494l-.547 2.19a.68.68 0 0 0 .178.643l2.457 2.457a.68.68 0 0 0 .644.178l2.189-.547a1.75 1.75 0 0 1 1.494.315l2.306 1.794c.829.645.905 1.87.163 2.611l-1.034 1.034c-.74.74-1.846 1.065-2.877.702a18.6 18.6 0 0 1-7.01-4.42 18.6 18.6 0 0 1-4.42-7.009c-.362-1.03-.037-2.137.703-2.877z\"><\/path><\/svg> <p>044 725 0083<\/p><\/div><div class=\"contact-info-section__content-wrapper-inline\"> <svg width=\"16\" height=\"16\" fill=\"currentColor\" class=\"bi bi-envelope-at\" viewBox=\"0 0 16 16\"><path d=\"M2 2a2 2 0 0 0-2 2v8.01A2 2 0 0 0 2 14h5.5a.5.5 0 0 0 0-1H2a1 1 0 0 1-.966-.741l5.64-3.471L8 9.583l7-4.2V8.5a.5.5 0 0 0 1 0V4a2 2 0 0 0-2-2zm3.708 6.208L1 11.105V5.383zM1 4.217V4a1 1 0 0 1 1-1h12a1 1 0 0 1 1 1v.217l-7 4.2z\"><\/path><path d=\"M14.247 14.269c1.01 0 1.587-.857 1.587-2.025v-.21C15.834 10.43 14.64 9 12.52 9h-.035C10.42 9 9 10.36 9 12.432v.214C9 14.82 10.438 16 12.358 16h.044c.594 0 1.018-.074 1.237-.175v-.73c-.245.11-.673.18-1.18.18h-.044c-1.334 0-2.571-.788-2.571-2.655v-.157c0-1.657 1.058-2.724 2.64-2.724h.04c1.535 0 2.484 1.05 2.484 2.326v.118c0 .975-.324 1.39-.639 1.39-.232 0-.41-.148-.41-.42v-2.19h-.906v.569h-.03c-.084-.298-.368-.63-.954-.63-.778 0-1.259.555-1.259 1.4v.528c0 .892.49 1.434 1.26 1.434.471 0 .896-.227 1.014-.643h.043c.118.42.617.648 1.12.648m-2.453-1.588v-.227c0-.546.227-.791.573-.791.297 0 .572.192.572.708v.367c0 .573-.253.744-.564.744-.354 0-.581-.215-.581-.8Z\"><\/path><\/svg> <p>tako@takofiskars.fi<\/p><\/div><\/div><\/div><div class=\"contact-info-section__content-wrapper\"><h3>Koti- ja koulujaosto<\/h3><div><div class=\"contact-info-section__content-wrapper-inline\"> <svg width=\"16\" height=\"16\" fill=\"currentColor\" class=\"bi bi-telephone\" viewBox=\"0 0 16 16\"><path d=\"M3.654 1.328a.678.678 0 0 0-1.015-.063L1.605 2.3c-.483.484-.661 1.169-.45 1.77a17.6 17.6 0 0 0 4.168 6.608 17.6 17.6 0 0 0 6.608 4.168c.601.211 1.286.033 1.77-.45l1.034-1.034a.678.678 0 0 0-.063-1.015l-2.307-1.794a.68.68 0 0 0-.58-.122l-2.19.547a1.75 1.75 0 0 1-1.657-.459L5.482 8.062a1.75 1.75 0 0 1-.46-1.657l.548-2.19a.68.68 0 0 0-.122-.58zM1.884.511a1.745 1.745 0 0 1 2.612.163L6.29 2.98c.329.423.445.974.315 1.494l-.547 2.19a.68.68 0 0 0 .178.643l2.457 2.457a.68.68 0 0 0 .644.178l2.189-.547a1.75 1.75 0 0 1 1.494.315l2.306 1.794c.829.645.905 1.87.163 2.611l-1.034 1.034c-.74.74-1.846 1.065-2.877.702a18.6 18.6 0 0 1-7.01-4.42 18.6 18.6 0 0 1-4.42-7.009c-.362-1.03-.037-2.137.703-2.877z\"><\/path><\/svg> <p>044 725 0083<\/p><\/div><\/div><div class=\"contact-info-section__content-wrapper-inline\"><p><strong>Kati Peiponen<\/strong><\/p><p>\u2013 kati.peiponen@gmail.com<\/p><\/div><\/div><\/div><\/div><\/section><section data-etch-element=\"section\" class=\"contact-map\"><div data-etch-element=\"container\"><div class=\"fw-osm-map-component\"><div class=\"fw-osm-map\"\n\t\t     role=\"region\"\n\t\t     aria-label=\"Map: Fiskarsin kyl\u00e4koulu\"\n\t\t     data-attrib-pos=\"bottom-right\"\n\t\t     data-attrib-mode=\"normal\"\n\t\t     style=\"--fw-map-height: 600px;\">\n\n\t\t\t<div id=\"fw-osm-map-85494\"\n\t\t\t     class=\"fw-osm-map__canvas\"\n\t\t\t     aria-label=\"Map: Fiskarsin kyl\u00e4koulu\"><\/div>\n\n\t\t\t\t\t\t\t<div class=\"fw-osm-map__actions\"\n\t\t\t\t     role=\"group\"\n\t\t\t\t     aria-label=\"Map controls\">\n\t\t\t\t\t\t\t\t\t\t\t<button\n\t\t\t\t\t\t\ttype=\"button\"\n\t\t\t\t\t\t\tclass=\"fw-osm-map__btn btn--accent\"\n\t\t\t\t\t\t\tdata-fw-map-action=\"recenter\"\n\t\t\t\t\t\t\taria-label=\"Recenter map\"\n\t\t\t\t\t\t>Keskit\u00e4 kartta<\/button>\n\t\t\t\t\t\n\t\t\t\t\t\t\t\t\t\t\n\t\t\t\t\t\t<a class=\"fw-osm-map__btn btn--accent\"\n\t\t\t\t\t\t\thref=\"https:\/\/www.google.com\/maps\/dir\/?api=1&#038;destination=60.128591%2C23.552423\"\n\t\t\t\t\t\t\taria-label=\"Get directions to Fiskarsin kyl\u00e4koulu\">\n\t\t\t\t\t\t\tReittihaku\t\t\t\t\t\t<\/a>\n\t\t\t\t\t\t\t\t\t<\/div>\n\t\t\t\n\t\t\t<div class=\"fw-osm-map__attribution\"\n\t\t\t     aria-label=\"Map attribution\">\n\n\t\t\t\t\n\t\t\t\t<span id=\"fw-osm-attrib-15050\"\n\t\t\t\t      class=\"fw-osm-map__attrib-content\">\n\t\t\t\t\t<a class=\"fw-osm-map__attrib-link\"\n\t\t\t\t\t   href=\"https:\/\/www.openstreetmap.org\/copyright\"\n\t\t\t\t\t   target=\"_blank\"\n\t\t\t\t\t   rel=\"noopener\">\n\t\t\t\t\t\t\u00a9 OpenStreetMap contributors\n\t\t\t\t\t<\/a>\n\t\t\t\t<\/span>\n\t\t\t<\/div>\n\t\t<\/div>\n\n\t\t<script>\n\t\tdocument.addEventListener('DOMContentLoaded', function () {\n\t\t\tif (typeof L === 'undefined') return;\n\n\t\t\tvar canvas = document.getElementById('fw-osm-map-85494');\n\t\t\tif (!canvas) return;\n\n\t\t\tvar wrap = canvas.closest('.fw-osm-map');\n\t\t\tif (!wrap) return;\n\n\t\t\tvar origin = {\n\t\t\t\tlat: 60.128591,\n\t\t\t\tlng: 23.552423,\n\t\t\t\tzoom: 12\t\t\t};\n\n\t\t\tvar map = L.map('fw-osm-map-85494', {\n\t\t\t\tattributionControl: false\n\t\t\t}).setView([origin.lat, origin.lng], origin.zoom);\n\n\t\t\tL.tileLayer('https:\/\/{s}.tile.openstreetmap.org\/{z}\/{x}\/{y}.png', {\n\t\t\t\tattribution: ''\n\t\t\t}).addTo(map);\n\n\t\t\tvar popupHtml = \"<strong>Fiskarsin kyl\\u00e4koulu<\\\/strong><br>Opintie 5, 10470 FISKARS\";\n\t\t\tvar marker = L.marker([origin.lat, origin.lng]).addTo(map);\n\n\t\t\tif (popupHtml) {\n\t\t\t\tmarker.bindPopup(popupHtml).openPopup();\n\t\t\t}\n\n\t\t\t\/\/ Recenter action\n\t\t\tvar recenterBtn = wrap.querySelector('[data-fw-map-action=\"recenter\"]');\n\t\t\tif (recenterBtn) {\n\t\t\t\trecenterBtn.addEventListener('click', function () {\n\t\t\t\t\tmap.setView([origin.lat, origin.lng], origin.zoom, { animate: true });\n\t\t\t\t\tif (marker && marker.openPopup) marker.openPopup();\n\t\t\t\t});\n\t\t\t}\n\n\t\t\t\/\/ Attribution minimized toggle (license-safe)\n\t\t\tif (wrap.dataset.attribMode === 'minimized') {\n\t\t\t\tvar attrib = wrap.querySelector('.fw-osm-map__attribution');\n\t\t\t\tvar toggle = wrap.querySelector('.fw-osm-map__attrib-toggle');\n\n\t\t\t\tif (attrib && toggle) {\n\t\t\t\t\ttoggle.addEventListener('click', function () {\n\t\t\t\t\t\tvar open = attrib.hasAttribute('data-open');\n\t\t\t\t\t\tattrib.toggleAttribute('data-open', !open);\n\t\t\t\t\t\ttoggle.setAttribute('aria-expanded', (!open).toString());\n\t\t\t\t\t});\n\t\t\t\t}\n\t\t\t}\n\t\t});\n\t\t<\/script><\/div><\/div><\/section>","protected":false},"excerpt":{"rendered":"","protected":false},"author":1,"featured_media":0,"parent":0,"menu_order":0,"comment_status":"closed","ping_status":"closed","template":"","meta":{"slim_seo":{"title":"Yhteystiedot - Fiskarsin kyl\u00e4koulu","description":""},"footnotes":""},"class_list":["post-333","page","type-page","status-publish","hentry"],"_links":{"self":[{"href":"https:\/\/fiskarsinkoulu.fi\/sv\/wp-json\/wp\/v2\/pages\/333","targetHints":{"allow":["GET"]}}],"collection":[{"href":"https:\/\/fiskarsinkoulu.fi\/sv\/wp-json\/wp\/v2\/pages"}],"about":[{"href":"https:\/\/fiskarsinkoulu.fi\/sv\/wp-json\/wp\/v2\/types\/page"}],"author":[{"embeddable":true,"href":"https:\/\/fiskarsinkoulu.fi\/sv\/wp-json\/wp\/v2\/users\/1"}],"replies":[{"embeddable":true,"href":"https:\/\/fiskarsinkoulu.fi\/sv\/wp-json\/wp\/v2\/comments?post=333"}],"version-history":[{"count":35,"href":"https:\/\/fiskarsinkoulu.fi\/sv\/wp-json\/wp\/v2\/pages\/333\/revisions"}],"predecessor-version":[{"id":1182,"href":"https:\/\/fiskarsinkoulu.fi\/sv\/wp-json\/wp\/v2\/pages\/333\/revisions\/1182"}],"wp:attachment":[{"href":"https:\/\/fiskarsinkoulu.fi\/sv\/wp-json\/wp\/v2\/media?parent=333"}],"curies":[{"name":"wp","href":"https:\/\/api.w.org\/{rel}","templated":true}]}}