{"id":1068,"date":"2026-04-15T11:29:45","date_gmt":"2026-04-15T08:29:45","guid":{"rendered":"https:\/\/fiskarsinkoulu.fi\/fiskars\/"},"modified":"2026-04-20T09:15:36","modified_gmt":"2026-04-20T06:15:36","slug":"fiskars","status":"publish","type":"page","link":"https:\/\/fiskarsinkoulu.fi\/sv\/fiskars\/","title":{"rendered":"Fiskars"},"content":{"rendered":"<section data-etch-element=\"section\" class=\"hero-alpha\"><div data-etch-element=\"container\" class=\"hero-alpha__inner\"><div data-etch-element=\"flex-div\" class=\"hero-alpha__content-wrapper\"><h1 class=\"hero-alpha__heading\">Fiskarsin kyl\u00e4<\/h1><p class=\"hero-alpha__text\">Fiskars on aktiivinen ja vilkas noin viiden sadan asukkaan kyl\u00e4 Raaseporissa. Vanhan ruukkikyl\u00e4n historia on rikas ja monivaiheinen ja se houkuttelee vuosittain sek\u00e4 matkailijoita ja niit\u00e4 ihmisi\u00e4, jotka haaveilevat maalle muutosta.<\/p><\/div><figure data-etch-element=\"flex-div\" class=\"hero-alpha__media-wrapper\"><img loading=\"lazy\" decoding=\"async\"  sizes=\"auto, (max-width: 1500px) 100vw, 1500px\" srcset=\"https:\/\/fiskarsinkoulu.fi\/wp-content\/uploads\/2026\/04\/DJI_0049.webp 1500w, https:\/\/fiskarsinkoulu.fi\/wp-content\/uploads\/2026\/04\/DJI_0049-300x214.webp 300w, https:\/\/fiskarsinkoulu.fi\/wp-content\/uploads\/2026\/04\/DJI_0049-1024x730.webp 1024w, https:\/\/fiskarsinkoulu.fi\/wp-content\/uploads\/2026\/04\/DJI_0049-150x150.webp 150w, https:\/\/fiskarsinkoulu.fi\/wp-content\/uploads\/2026\/04\/DJI_0049-768x548.webp 768w, https:\/\/fiskarsinkoulu.fi\/wp-content\/uploads\/2026\/04\/DJI_0049-18x12.webp 18w\" src=\"https:\/\/fiskarsinkoulu.fi\/wp-content\/uploads\/2026\/04\/DJI_0049.webp\" alt=\"DJI\" width=\"1500\" height=\"1070\" class=\"hero-alpha__image hero-alpha__media\" \/><\/figure><\/div><\/section><section data-etch-element=\"section\" class=\"content-one\"><div data-etch-element=\"container\" class=\"content-one__container\"><div class=\"content-one__content-wrapper\"><p class=\"content-one__text\">Fiskarsin ruukissa toimii aktiivinen pienyritt\u00e4jien yhteis\u00f6, joista monet k\u00e4sity\u00f6n ja taiteenalojen ammattilaiset kuuluvat my\u00f6s paikalliseen Onoman taiteilijoiden, muotoilijoiden ja k\u00e4sity\u00f6l\u00e4isten osuuskuntaan. Kyl\u00e4lt\u00e4 l\u00f6ytyy monenlaisia muitakin yrityksi\u00e4 laajalla kirjolla. Meill\u00e4 on kattava tarjonta kahviloita ja ravintoloita, jotka tarjoavat herkullisten ruokien ja juomien lis\u00e4ksi muun muassa musiikkia ja erilaista ohjelmaa sek\u00e4 aikuisille ett\u00e4 lapsille ymp\u00e4ri vuoden. Kyl\u00e4ll\u00e4 on oma pieni K-Market jossa voi tehd\u00e4 ostoksia ja bussiliikenne kylien v\u00e4lill\u00e4 ja isompiin kaupunkikeskittymiin on vilkastunut viimeisin\u00e4 vuosina ilahduttavasti. <\/p><p class=\"content-one__text\">Vaikka Fiskarsilla on maine erityisesti k\u00e4sity\u00f6l\u00e4isten, taiteilijoiden ja muotoilijoiden ruukkina, asuu kyl\u00e4ll\u00e4 asukkaita laidasta laitaan. Ruukin l\u00e4heisyys p\u00e4\u00e4kaupunkiseudulle ja Turkuun mahdollistaa monille ruukkilaisille ty\u00f6nteon ja unelmien asumisymp\u00e4rist\u00f6n yhdist\u00e4misen. Karjaan asemalta p\u00e4\u00e4see Helsingin p\u00e4\u00e4rautatieasemalle noin tunnissa.<\/p><\/div><figure class=\"content-one__media-wrapper\"><img loading=\"lazy\" decoding=\"async\"  sizes=\"auto, (max-width: 1503px) 100vw, 1503px\" srcset=\"https:\/\/fiskarsinkoulu.fi\/wp-content\/uploads\/2026\/04\/DSC6991.webp 1503w, https:\/\/fiskarsinkoulu.fi\/wp-content\/uploads\/2026\/04\/DSC6991-300x200.webp 300w, https:\/\/fiskarsinkoulu.fi\/wp-content\/uploads\/2026\/04\/DSC6991-1024x681.webp 1024w, https:\/\/fiskarsinkoulu.fi\/wp-content\/uploads\/2026\/04\/DSC6991-150x150.webp 150w, https:\/\/fiskarsinkoulu.fi\/wp-content\/uploads\/2026\/04\/DSC6991-768x511.webp 768w, https:\/\/fiskarsinkoulu.fi\/wp-content\/uploads\/2026\/04\/DSC6991-18x12.webp 18w\" src=\"https:\/\/fiskarsinkoulu.fi\/wp-content\/uploads\/2026\/04\/DSC6991.webp\" alt=\"DSC6991\" width=\"1503\" height=\"1000\" class=\"content-one__image\" \/><\/figure><\/div><div data-etch-element=\"container\" class=\"content-one__container reverse-order\"><div class=\"content-one__content-wrapper\"><p class=\"content-one__text\">Ruukin yhdistystoiminta on erityisen aktiivista ja monelle toiminnolle l\u00f6ytyy joko oma yhdistyksens\u00e4 tai toimijansa. Yksi aktiivisimpia on Fiskars kyl\u00e4seura, jonka alla toimii my\u00f6s paljon pieni\u00e4 jaostoja, jotka kaikki mahdollistavat monipuolisia aktiviteetteja ja k\u00e4yt\u00e4nn\u00f6n arkiel\u00e4m\u00e4\u00e4 helpottavia mahdollisuuksia. Lasten ja nuorten hyvinvointiin ja tasavertaisiin harrastusmahdollisuuksiin kyl\u00e4ss\u00e4 vaikuttaa aktiivisesti Mannerheimin lastensuojeluliiton Fiskarsin paikallisyhdistys, joka tarjoaa kattavasti erilaista toimintaa monen ik\u00e4isille.<\/p><\/div><figure class=\"content-one__media-wrapper\"><img loading=\"lazy\" decoding=\"async\"  sizes=\"auto, (max-width: 1500px) 100vw, 1500px\" srcset=\"https:\/\/fiskarsinkoulu.fi\/wp-content\/uploads\/2026\/04\/D2A1012.webp 1500w, https:\/\/fiskarsinkoulu.fi\/wp-content\/uploads\/2026\/04\/D2A1012-300x200.webp 300w, https:\/\/fiskarsinkoulu.fi\/wp-content\/uploads\/2026\/04\/D2A1012-1024x683.webp 1024w, https:\/\/fiskarsinkoulu.fi\/wp-content\/uploads\/2026\/04\/D2A1012-150x150.webp 150w, https:\/\/fiskarsinkoulu.fi\/wp-content\/uploads\/2026\/04\/D2A1012-768x512.webp 768w, https:\/\/fiskarsinkoulu.fi\/wp-content\/uploads\/2026\/04\/D2A1012-18x12.webp 18w\" src=\"https:\/\/fiskarsinkoulu.fi\/wp-content\/uploads\/2026\/04\/D2A1012.webp\" alt=\"D2A1012\" width=\"1500\" height=\"1000\" class=\"content-one__image\" \/><\/figure><\/div><\/section><section data-etch-element=\"section\" class=\"content-narrow\"><div data-etch-element=\"container\" class=\"content-narrow__container\"><p>Fiskars on mainio paikka asua ja el\u00e4\u00e4 jos viihtyy vilkkaassa ja aktiivisessa kyl\u00e4ss\u00e4, joka sykkii el\u00e4m\u00e4\u00e4. Talvet ruukissa ovat usein uinuvia ja moni pit\u00e4\u00e4 kes\u00e4lomansa hiljaiseen ja pime\u00e4\u00e4n aikaan rauhoittuen kaamoksen ja luonnon keskell\u00e4. Kev\u00e4\u00e4n tullen kyl\u00e4 alkaa kuitenkin her\u00e4t\u00e4 taas eloon, putiikit avaavat ovensa, ravintolat tarjoavat monenlaista musiikkiel\u00e4myst\u00e4 ja pieni\u00e4 ja isoja tapahtumia on viikoittain.<\/p><p>Fiskarsin kyl\u00e4ss\u00e4 on \u00e4\u00e4nt\u00e4, menoa ja meininki\u00e4. T\u00e4\u00e4ll\u00e4 on helppoa tutustua ihmisiin erilaisten toimintojen kautta, uusia tuttuja voi saada niin jumpalla k\u00e4ydess\u00e4 kuin kahvilassa istuskellessa kunhan vain rohkeasti juttelee kaikille. Monille tuleekin nopeasti tutuksi tapa tervehti\u00e4 kaikkia vastaantulijoita, sill\u00e4 pieness\u00e4 kyl\u00e4ss\u00e4 kaikki ovat tuttuja toisilleen.<\/p><p>Muuttamista harkitsevan kannattaa tutustua paikallisten vuokranantajien kuten Ruukkiasuntojen ja Fiskars Villagen asuntotarjontaan. Tehokkain tapa Fiskarsiin muuttamiseen lienee kiinteist\u00f6n ostaminen tai rakentaminen, sill\u00e4 vuokra-asuntoja on rajallisesti. Naapurikylien tarjontaa kannattaa tutkailla, sill\u00e4 Pohjankurun, Bollstan, Antskogin ja Brunkomin alueet ovat erityisen kauniita asua ja niist\u00e4 lapsetkin voivat helposti kulkea Fiskarsin kyl\u00e4kouluun linja-autolla.<\/p><\/div><\/section><section data-etch-element=\"section\" class=\"contact-info-section\"><div data-etch-element=\"container\" class=\"contact-info-section__container\"><div class=\"contact-info-section__content-wrapper-inline\"><p class=\"contact-info-section__text\"><strong>Kulkuyhteyksist\u00e4:<\/strong><\/p><a href=\"https:\/\/bosse.digitransit.fi\" target=\"_blank\">Bosse joukkoliikenne<\/a><\/div><div class=\"contact-info-section__content-wrapper\"><p class=\"contact-info-section__text\"><strong>Linkkej\u00e4 eri toimijoiden sivuille:<\/strong><\/p><a href=\"https:\/\/fiskarsilaiset.fi\/\" target=\"_blank\">Fiskars kyl\u00e4seura<\/a><a href=\"https:\/\/fiskari.mll.fi\/\" target=\"_blank\">MLL:n Fiskarin paikallisyhdistys ry<\/a><a href=\"https:\/\/onoma.fi\" target=\"_blank\">Onoma (Fiskarsin k\u00e4sity\u00f6l\u00e4isten, muotoilijoiden ja taiteilijoiden osuuskunta)<\/a><a href=\"https:\/\/fiskarinmartat.marttayhdistys.fi\/\" target=\"_blank\">Fiskarin Martat<\/a><a href=\"https:\/\/fiskarsmuseum.fi\/\" target=\"_blank\">Fiskarsin Museo<\/a><a href=\"https:\/\/www.polarispartio.fi\" target=\"_blank\">Partiolippukunta Polaris<\/a><a href=\"https:\/\/www.fu-47.fi\/\" target=\"_blank\">Fiskarin Urheilijat -47<\/a><a href=\"https:\/\/fiskarsilaiset.fi\/fc-fiskarsin-saksipotku\/\" target=\"_blank\">FC Fiskarsin Saksipotku<\/a><a href=\"https:\/\/fiskarsilaiset.fi\/luovat-pajat\/\" target=\"_blank\">Luovat Pajat<\/a><\/div><\/div><\/section>","protected":false},"excerpt":{"rendered":"","protected":false},"author":1,"featured_media":0,"parent":0,"menu_order":0,"comment_status":"closed","ping_status":"closed","template":"","meta":{"slim_seo":{"title":"Fiskars - Fiskarsin kyl\u00e4koulu","description":""},"footnotes":""},"class_list":["post-1068","page","type-page","status-publish","hentry"],"_links":{"self":[{"href":"https:\/\/fiskarsinkoulu.fi\/sv\/wp-json\/wp\/v2\/pages\/1068","targetHints":{"allow":["GET"]}}],"collection":[{"href":"https:\/\/fiskarsinkoulu.fi\/sv\/wp-json\/wp\/v2\/pages"}],"about":[{"href":"https:\/\/fiskarsinkoulu.fi\/sv\/wp-json\/wp\/v2\/types\/page"}],"author":[{"embeddable":true,"href":"https:\/\/fiskarsinkoulu.fi\/sv\/wp-json\/wp\/v2\/users\/1"}],"replies":[{"embeddable":true,"href":"https:\/\/fiskarsinkoulu.fi\/sv\/wp-json\/wp\/v2\/comments?post=1068"}],"version-history":[{"count":12,"href":"https:\/\/fiskarsinkoulu.fi\/sv\/wp-json\/wp\/v2\/pages\/1068\/revisions"}],"predecessor-version":[{"id":1174,"href":"https:\/\/fiskarsinkoulu.fi\/sv\/wp-json\/wp\/v2\/pages\/1068\/revisions\/1174"}],"wp:attachment":[{"href":"https:\/\/fiskarsinkoulu.fi\/sv\/wp-json\/wp\/v2\/media?parent=1068"}],"curies":[{"name":"wp","href":"https:\/\/api.w.org\/{rel}","templated":true}]}}