{"id":1021,"date":"2026-04-15T06:09:54","date_gmt":"2026-04-15T03:09:54","guid":{"rendered":"https:\/\/fiskarsinkoulu.fi\/tilat\/"},"modified":"2026-04-20T09:15:36","modified_gmt":"2026-04-20T06:15:36","slug":"tilat","status":"publish","type":"page","link":"https:\/\/fiskarsinkoulu.fi\/sv\/tilat\/","title":{"rendered":"Tilat"},"content":{"rendered":"<section data-etch-element=\"section\" class=\"feature-section-frankfurt\"><div data-etch-element=\"container\" data-intro-style=\"Center\" class=\"section-intro\"><div data-etch-element=\"flex-div\" class=\"section-intro__content-wrapper\"><h2 data-headline-level=\"h2\" class=\"section-intro__headline\">Uusi koulurakennus<\/h2><p class=\"section-intro__lede\">Rakennus toimii koulun lukuvuoden aikana alakouluna. Rakennuksessa on opetus- ja luokkatilojen lis\u00e4ksi valmistuskeitti\u00f6, ruokala sek\u00e4 liikuntasali.<\/p><\/div><\/div><div data-etch-element=\"container\" class=\"feature-section-frankfurt__content-wrapper\"><div data-etch-element=\"container\" class=\"feature-section-frankfurt__content-inner\"><div data-etch-element=\"flex-div\" class=\"feature-section-frankfurt__media-group\"><div class=\"feature-section-frankfurt__figure\"><img decoding=\"async\" src=\"https:\/\/fiskarsinkoulu.fi\/wp-content\/uploads\/2026\/03\/D2A5339_Final_Web.webp\" class=\"feature-section-frankfurt__media\" alt=\"D2A5339 Final Web\" \/><\/div><div class=\"feature-section-frankfurt__figure\"><img decoding=\"async\" src=\"https:\/\/fiskarsinkoulu.fi\/wp-content\/uploads\/2026\/04\/DSC8727-1024x681-1.webp\" class=\"feature-section-frankfurt__media\" alt=\"DSC8727 1024x681\" \/><\/div><div class=\"feature-section-frankfurt__figure\"><img decoding=\"async\" src=\"https:\/\/fiskarsinkoulu.fi\/wp-content\/uploads\/2026\/04\/D2A5140_Final_Web.webp\" class=\"feature-section-frankfurt__media\" alt=\"D2A5140 Final Web\" \/><\/div><\/div><ul data-etch-element=\"flex-div\" class=\"feature-section-frankfurt__feature-list\"><li class=\"feature-section-frankfurt__feature-list-item\"><article data-etch-element=\"flex-div\" class=\"feature-card-alpha\"><h2 class=\"feature-card-alpha__heading\">Luokkahuoneet<\/h2><p class=\"feature-card-alpha__description\">Luokkahuoneita on remontoitu viimeisten vuosien aikana vastaamaan paremmin nykyopetussuunnitelman tarpeita. Luokat ovat saaneet uudet lempe\u00e4t v\u00e4ritykset, vesipisteet, uudet ikkunalaudat, valaistuksen ja s\u00e4hk\u00f6t.<\/p><\/article><\/li><li class=\"feature-section-frankfurt__feature-list-item\"><article data-etch-element=\"flex-div\" class=\"feature-card-alpha\"><h2 class=\"feature-card-alpha__heading\">Musaluokka ja kirjasto<\/h2><p class=\"feature-card-alpha__description\">Musiikkiluokka toimii yhdistettyn\u00e4 musiikki- ja kirjastohuoneena. Koulun musiikiinopetuksen lis\u00e4ksi luokkaa k\u00e4ytt\u00e4\u00e4 my\u00f6s Raaseporin kansalaisopiston kuoro ja musiikin opetusryhm\u00e4t. V\u00e4lineist\u00f6 on monipuolinen ja lapset p\u00e4\u00e4sev\u00e4t harjoittelemaan niin steel-pannujen kuin nokkahuilunkin soittoa. Kirjastosta lainataan ahkerasti pulpettikirjoja ja kirjavalikoimaa pyrit\u00e4\u00e4n lis\u00e4\u00e4m\u00e4\u00e4n aina tarpeen tullen.<\/p><\/article><\/li><li class=\"feature-section-frankfurt__feature-list-item\"><article data-etch-element=\"flex-div\" class=\"feature-card-alpha\"><h2 class=\"feature-card-alpha__heading\">Hiiriluokka<\/h2><p class=\"feature-card-alpha__description\">Toisen kerroksen t\u00e4ysin uudistettu tila &quot;Hiiriluokka&quot; toimii pienty\u00f6skentelytilana ja syksyll\u00e4 2026 esikoululaiset siirtyv\u00e4t tilaan opiskelemaan.<\/p><\/article><\/li><li class=\"feature-section-frankfurt__feature-list-item\"><article data-etch-element=\"flex-div\" class=\"feature-card-alpha\"><h2 class=\"feature-card-alpha__heading\">Liikuntasali<\/h2><p class=\"feature-card-alpha__description\">Liikuntasali on perinteinen koululiikuntasali puolapuineen ja kiipeilyk\u00f6ysineen. Salin p\u00e4\u00e4dyss\u00e4 on n\u00e4ytt\u00e4m\u00f6 ulosvedett\u00e4v\u00e4ll\u00e4 lavalla. Liikuntasali on varattavissa erilaisiin aktiviteetteihin Tako ry:n varauskalenterista.<\/p><\/article><\/li><\/ul><\/div><\/div><\/section><section data-etch-element=\"section\" class=\"feature-section-frankfurt\"><div data-etch-element=\"container\" data-intro-style=\"Center\" class=\"section-intro\"><div data-etch-element=\"flex-div\" class=\"section-intro__content-wrapper\"><h2 data-headline-level=\"h2\" class=\"section-intro__headline\">Vanha kansakoulu eli Takotalo<\/h2><p class=\"section-intro__lede\">Rakennuksen yl\u00e4kerrassa on kaksi huoneistoa, joista toinen on vuokrattu Fiskarsin Kyl\u00e4seuralle. Kyl\u00e4seura j\u00e4rjest\u00e4\u00e4 tilassa aktiivista lapsi-, nuoriso- ja kansalaistoimintaa ja tilaa kutsutaankin Kyl\u00e4tilaksi. Toinen huoneisto on vuokrattavissa kokoustilaksi tai vaikka pidempiaikaiseen vuokraukseen.<\/p><\/div><\/div><div data-etch-element=\"container\" class=\"feature-section-frankfurt__content-wrapper\"><div data-etch-element=\"container\" class=\"feature-section-frankfurt__content-inner\"><div data-etch-element=\"flex-div\" class=\"feature-section-frankfurt__media-group\"><div class=\"feature-section-frankfurt__figure\"><img decoding=\"async\" src=\"https:\/\/fiskarsinkoulu.fi\/wp-content\/uploads\/2026\/03\/D2A5438_Final_Web.webp\" class=\"feature-section-frankfurt__media\" alt=\"D2A5438 Final Web\" \/><\/div><div class=\"feature-section-frankfurt__figure\"><img decoding=\"async\" src=\"https:\/\/fiskarsinkoulu.fi\/wp-content\/uploads\/2026\/04\/DSC8658.webp\" class=\"feature-section-frankfurt__media\" alt=\"DSC8658\" \/><\/div><div class=\"feature-section-frankfurt__figure\"><img decoding=\"async\" src=\"https:\/\/fiskarsinkoulu.fi\/wp-content\/uploads\/2025\/11\/D2A5495_Final_Web.webp\" class=\"feature-section-frankfurt__media\" alt=\"D2A5495 Final Web\" \/><\/div><\/div><ul data-etch-element=\"flex-div\" class=\"feature-section-frankfurt__feature-list\"><li class=\"feature-section-frankfurt__feature-list-item\"><article data-etch-element=\"flex-div\" class=\"feature-card-alpha\"><h2 class=\"feature-card-alpha__heading\">K\u00e4sity\u00f6luokka<\/h2><p class=\"feature-card-alpha__description\">K\u00e4sity\u00f6luokassa on ompelukoneita ja kangaspuut. Jokainen koululainen p\u00e4\u00e4see 6-luokalla testaamaan maton kutomista kangaspuilla. 3.\u20134. luokkalaiset ajavat ompelukoneajokortin ja luokassa syntyy monenlaisia tekstiilik\u00e4sit\u00f6it\u00e4.<\/p><\/article><\/li><li class=\"feature-section-frankfurt__feature-list-item\"><article data-etch-element=\"flex-div\" class=\"feature-card-alpha\"><h2 class=\"feature-card-alpha__heading\">Kuvataideluokka<\/h2><p class=\"feature-card-alpha__description\">Kuvataideluokassa maalataan ja piirret\u00e4\u00e4n. Luokasta l\u00f6ytyy my\u00f6s vesialtaat ja keramiikkauuni erilaisten kuvaamataidon projektien toteuttamiseen.<\/p><\/article><\/li><li class=\"feature-section-frankfurt__feature-list-item\"><article data-etch-element=\"flex-div\" class=\"feature-card-alpha\"><h2 class=\"feature-card-alpha__heading\">Veistoluokka \/ puuk\u00e4ss\u00e4<\/h2><p class=\"feature-card-alpha__description\">Veistoluokassa on perinteinen puuk\u00e4sity\u00f6varustus h\u00f6yl\u00e4penkkeineen. Lattia on perinteinen puusep\u00e4nverstaan lattia. Tilasta l\u00f6ytyy my\u00f6s sirkkelisaha ja hiomakone.<\/p><\/article><\/li><li class=\"feature-section-frankfurt__feature-list-item\"><article data-etch-element=\"flex-div\" class=\"feature-card-alpha\"><h2 class=\"feature-card-alpha__heading\">Yl\u00e4kerta<\/h2><p class=\"feature-card-alpha__description\">Vanhaan opettajan huoneistoon remontoitu asuinhuoneisto toimii kokous- ja ty\u00f6skentelytilana, jota voi vuokrata talvikaudella erilaisiin tarpeisiin. Kes\u00e4isin huoneisto toimii AirB&amp;B k\u00e4yt\u00f6ss\u00e4 ja asuinhuoneistona ruukkiin tuleville kes\u00e4ty\u00f6ntekij\u00f6ille.<\/p><\/article><\/li><li class=\"feature-section-frankfurt__feature-list-item\"><article data-etch-element=\"flex-div\" class=\"feature-card-alpha\"><h2 class=\"feature-card-alpha__heading\">Nuokkari \/ Kyl\u00e4tila<\/h2><p class=\"feature-card-alpha__description\">Takotalon yl\u00e4kerrassa on kyl\u00e4seuran vuokraama Kyl\u00e4tila, jossa j\u00e4rjestet\u00e4\u00e4n monenlaisia toimintoja viikoittain. Kahtena iltap\u00e4iv\u00e4n\u00e4 tilassa on kyl\u00e4seuran j\u00e4rjest\u00e4m\u00e4 avoin nuorisotila 3.\u20136 luokkien oppilaille.<\/p><\/article><\/li><\/ul><\/div><\/div><\/section><section data-etch-element=\"section\" class=\"feature-section-frankfurt\"><div data-etch-element=\"container\" data-intro-style=\"Center\" class=\"section-intro\"><div data-etch-element=\"flex-div\" class=\"section-intro__content-wrapper\"><h2 data-headline-level=\"h2\" class=\"section-intro__headline\">Piha, mets\u00e4, luistinrata, urheilukentt\u00e4<\/h2><p class=\"section-intro__lede\">Koulun piha on monipuolinen mets\u00e4n reunustama viihtyis\u00e4 piha, jossa lapsilla on mahdollisuus pelata ja leikki\u00e4 v\u00e4litunneilla. Pihaa kehitet\u00e4\u00e4n aktiivisesti erilaisten yhteisty\u00f6projektien kautta. Viimeisimp\u00e4n\u00e4 lis\u00e4yksen\u00e4 pihalle on rakennettu shakkilauta ja lahjoituksena Amos Rexist\u00e4 saatu pingisp\u00f6yt\u00e4 ja koripallokori. Talvisin alakent\u00e4lle j\u00e4\u00e4dytet\u00e4\u00e4n luistelurata ja viereisell\u00e4 pellolla on hiihtoladut, joissa lapset saavat hiiht\u00e4\u00e4 my\u00f6s v\u00e4lituntisin. Koulun m\u00e4ke\u00e4 k\u00e4ytet\u00e4\u00e4n ahkerasti pulkkailuun. Noin 5 minuutin k\u00e4velyn p\u00e4\u00e4st\u00e4 l\u00f6ytyy pumptrack ja urheilukentt\u00e4 jossa on my\u00f6s ulkokuntosali. Kent\u00e4ll\u00e4 j\u00e4rjestet\u00e4\u00e4n vuosittain koulun yleisurheilukisat ja osa liikuntatunneista j\u00e4rjestet\u00e4\u00e4n siell\u00e4.<\/p><\/div><\/div><div data-etch-element=\"container\" class=\"feature-section-frankfurt__content-wrapper\"><div data-etch-element=\"container\" class=\"feature-section-frankfurt__content-inner\"><div data-etch-element=\"flex-div\" class=\"feature-section-frankfurt__media-group\"><div class=\"feature-section-frankfurt__figure\"><img decoding=\"async\" src=\"https:\/\/fiskarsinkoulu.fi\/wp-content\/uploads\/2026\/03\/D2A5740_Final_Web.webp\" class=\"feature-section-frankfurt__media\" alt=\"D2A5740 Final Web\" \/><\/div><div class=\"feature-section-frankfurt__figure\"><img decoding=\"async\" src=\"https:\/\/fiskarsinkoulu.fi\/wp-content\/uploads\/2026\/03\/D2A5774_Final_Web.webp\" class=\"feature-section-frankfurt__media\" alt=\"D2A5774 Final Web\" \/><\/div><div class=\"feature-section-frankfurt__figure\"><img decoding=\"async\" src=\"https:\/\/fiskarsinkoulu.fi\/wp-content\/uploads\/2026\/04\/D2A5871_Final_Web-1.webp\" class=\"feature-section-frankfurt__media\" alt=\"D2A5871 Final Web\" \/><\/div><\/div><\/div><\/div><\/section>","protected":false},"excerpt":{"rendered":"","protected":false},"author":1,"featured_media":0,"parent":0,"menu_order":0,"comment_status":"closed","ping_status":"closed","template":"","meta":{"slim_seo":{"title":"Tilat - Fiskarsin kyl\u00e4koulu","description":""},"footnotes":""},"class_list":["post-1021","page","type-page","status-publish","hentry"],"_links":{"self":[{"href":"https:\/\/fiskarsinkoulu.fi\/sv\/wp-json\/wp\/v2\/pages\/1021","targetHints":{"allow":["GET"]}}],"collection":[{"href":"https:\/\/fiskarsinkoulu.fi\/sv\/wp-json\/wp\/v2\/pages"}],"about":[{"href":"https:\/\/fiskarsinkoulu.fi\/sv\/wp-json\/wp\/v2\/types\/page"}],"author":[{"embeddable":true,"href":"https:\/\/fiskarsinkoulu.fi\/sv\/wp-json\/wp\/v2\/users\/1"}],"replies":[{"embeddable":true,"href":"https:\/\/fiskarsinkoulu.fi\/sv\/wp-json\/wp\/v2\/comments?post=1021"}],"version-history":[{"count":11,"href":"https:\/\/fiskarsinkoulu.fi\/sv\/wp-json\/wp\/v2\/pages\/1021\/revisions"}],"predecessor-version":[{"id":1173,"href":"https:\/\/fiskarsinkoulu.fi\/sv\/wp-json\/wp\/v2\/pages\/1021\/revisions\/1173"}],"wp:attachment":[{"href":"https:\/\/fiskarsinkoulu.fi\/sv\/wp-json\/wp\/v2\/media?parent=1021"}],"curies":[{"name":"wp","href":"https:\/\/api.w.org\/{rel}","templated":true}]}}