{"id":1010,"date":"2026-04-14T12:39:16","date_gmt":"2026-04-14T09:39:16","guid":{"rendered":"https:\/\/fiskarsinkoulu.fi\/laajennettu-oppimisymparisto\/"},"modified":"2026-04-20T09:15:36","modified_gmt":"2026-04-20T06:15:36","slug":"laajennettu-oppimisymparisto","status":"publish","type":"page","link":"https:\/\/fiskarsinkoulu.fi\/sv\/laajennettu-oppimisymparisto\/","title":{"rendered":"Laajennettu oppimisymp\u00e4rist\u00f6"},"content":{"rendered":"<section data-etch-element=\"section\" class=\"hero-alpha\"><div data-etch-element=\"container\" class=\"hero-alpha__inner\"><div data-etch-element=\"flex-div\" class=\"hero-alpha__content-wrapper\"><h1 class=\"hero-alpha__heading\">Laajennettu oppimisymp\u00e4rist\u00f6<\/h1><p class=\"hero-alpha__text\">Fiskarin malli on Fiskarsin kyl\u00e4koulussa k\u00e4yt\u00f6ss\u00e4 oleva laajennettu oppimisymp\u00e4rist\u00f6. Koulu hy\u00f6dynt\u00e4\u00e4 l\u00e4hiymp\u00e4rist\u00f6\u00e4\u00e4n ja sen kulttuuriymp\u00e4rist\u00f6\u00e4 sek\u00e4 k\u00e4sity\u00f6l\u00e4isten tietotaitoa opetuksessa ja oppimisessa vuotuisen ty\u00f6pajatoiminnan kautta.<\/p><\/div><figure data-etch-element=\"flex-div\" class=\"hero-alpha__media-wrapper\"><img loading=\"lazy\" decoding=\"async\"  sizes=\"auto, (max-width: 1000px) 100vw, 1000px\" srcset=\"https:\/\/fiskarsinkoulu.fi\/wp-content\/uploads\/2025\/11\/D2A5575_Final_Web.webp 1000w, https:\/\/fiskarsinkoulu.fi\/wp-content\/uploads\/2025\/11\/D2A5575_Final_Web-300x200.webp 300w, https:\/\/fiskarsinkoulu.fi\/wp-content\/uploads\/2025\/11\/D2A5575_Final_Web-150x150.webp 150w, https:\/\/fiskarsinkoulu.fi\/wp-content\/uploads\/2025\/11\/D2A5575_Final_Web-768x512.webp 768w\" src=\"https:\/\/fiskarsinkoulu.fi\/wp-content\/uploads\/2025\/11\/D2A5575_Final_Web.webp\" alt=\"D2A5575 Final Web\" width=\"1000\" height=\"667\" class=\"hero-alpha__image hero-alpha__media\" \/><\/figure><\/div><\/section><section data-etch-element=\"section\" class=\"content-one\"><div data-etch-element=\"container\" class=\"content-one__container\"><div class=\"content-one__content-wrapper\"><p class=\"content-one__text\">K\u00e4sill\u00e4 tekeminen on ollut paikallinen voimavara Fiskarsin ruukissa jo vuosisatoja. Raudanjalostusteollisuuden siirrytty\u00e4 pois Fiskarsista, paikkakunnasta kehittyi v\u00e4hitellen taiteen, muotoilun ja k\u00e4sity\u00f6l\u00e4isyyden keskittym\u00e4. Useat ruukkilaiset sek\u00e4 asuvat ett\u00e4 ty\u00f6skentelev\u00e4t ruukkiymp\u00e4rist\u00f6ss\u00e4 ja asuminen ja ty\u00f6n tekeminen pienell\u00e4 paikkakunnalla on monelle elintapa.<\/p><p class=\"content-one__text\">Fiskarin malli on Fiskarsin kyl\u00e4koulun ja fiskarsilaisten k\u00e4dentaito- ja kulttuurialojen ammattilaisten kanssa yhteisty\u00f6ss\u00e4 toteutuva oppimisymp\u00e4rist\u00f6hanke, jonka tavoiteena on hy\u00f6dynt\u00e4\u00e4 koulun l\u00e4hiymp\u00e4rist\u00f6\u00e4 toimivien k\u00e4sity\u00f6l\u00e4isten, taiteilijoiden ja museoammattilaisten tietotaitoa ja ty\u00f6tiloja koulun opetussuunnitelmassa. Toiminta tapahtuu ty\u00f6pajatyyppisen\u00e4 ty\u00f6skentelyn\u00e4. Jokainen luokka vierailee vuosittain paikallisen taiteilijan tai k\u00e4sity\u00f6l\u00e4isen ty\u00f6huoneella ja lapset p\u00e4\u00e4sev\u00e4t tekem\u00e4\u00e4n oman konkreettisen taideteoksen tai k\u00e4sity\u00f6n. Kaikki saavat oman ty\u00f6ns\u00e4 mukaan kotiin.<\/p><\/div><figure class=\"content-one__media-wrapper\"><img loading=\"lazy\" decoding=\"async\"  sizes=\"auto, (max-width: 1000px) 100vw, 1000px\" srcset=\"https:\/\/fiskarsinkoulu.fi\/wp-content\/uploads\/2026\/03\/D2A5504_Final_Web.webp 1000w, https:\/\/fiskarsinkoulu.fi\/wp-content\/uploads\/2026\/03\/D2A5504_Final_Web-300x200.webp 300w, https:\/\/fiskarsinkoulu.fi\/wp-content\/uploads\/2026\/03\/D2A5504_Final_Web-150x150.webp 150w, https:\/\/fiskarsinkoulu.fi\/wp-content\/uploads\/2026\/03\/D2A5504_Final_Web-768x512.webp 768w\" src=\"https:\/\/fiskarsinkoulu.fi\/wp-content\/uploads\/2026\/03\/D2A5504_Final_Web.webp\" alt=\"D2A5504 Final Web\" width=\"1000\" height=\"667\" class=\"content-one__image\" \/><\/figure><\/div><div data-etch-element=\"container\" class=\"content-one__container reverse-order\"><div class=\"content-one__content-wrapper\"><p class=\"content-one__text\">Fiskarsin mallin kaltainen koulun ulkopuolelle laajeneva k\u00e4dentaitojen oppimisymp\u00e4rist\u00f6 tuo oppimistilanteisiin perinteisen koulun oppimisymp\u00e4rist\u00f6\u00f6n verrattuna enemm\u00e4n toiminnallisuutta, yhteis\u00f6llisyytt\u00e4 ja erilaisia ajallisuuden kokemuksia. Opetukseen tulee moniammatillisuutta, k\u00e4yt\u00e4nn\u00f6nl\u00e4heisyytt\u00e4 ja havainnollisuutta. Ty\u00f6pajat toteutuvat oppimisen n\u00e4k\u00f6kulmasta sek\u00e4 paikalliseen k\u00e4dentaitojen kulttuuriin liittyvin\u00e4 ett\u00e4 oppilaiden maailmankuvaa laajentavina oppimisymp\u00e4rist\u00f6in\u00e4.<\/p><p class=\"content-one__text\">T\u00e4\u00e4lt\u00e4 l\u00f6yd\u00e4t lis\u00e4\u00e4 tietoa laajennetusta oppimisymp\u00e4rist\u00f6st\u00e4:<\/p><a href=\"https:\/\/www.yumpu.com\/fi\/document\/read\/38243253\/oppimisretket-fiskarin-koulun-laajennettu-oppimisymparisto-edufi\" target=\"_blank\" class=\"btn--primary\">Laajennettu oppimisymp\u00e4rist\u00f6<\/a><\/div><figure class=\"content-one__media-wrapper\"><img loading=\"lazy\" decoding=\"async\"  sizes=\"auto, (max-width: 1000px) 100vw, 1000px\" srcset=\"https:\/\/fiskarsinkoulu.fi\/wp-content\/uploads\/2026\/03\/D2A5438_Final_Web.webp 1000w, https:\/\/fiskarsinkoulu.fi\/wp-content\/uploads\/2026\/03\/D2A5438_Final_Web-300x200.webp 300w, https:\/\/fiskarsinkoulu.fi\/wp-content\/uploads\/2026\/03\/D2A5438_Final_Web-150x150.webp 150w, https:\/\/fiskarsinkoulu.fi\/wp-content\/uploads\/2026\/03\/D2A5438_Final_Web-768x512.webp 768w\" src=\"https:\/\/fiskarsinkoulu.fi\/wp-content\/uploads\/2026\/03\/D2A5438_Final_Web.webp\" alt=\"D2A5438 Final Web\" width=\"1000\" height=\"667\" class=\"content-one__image\" \/><\/figure><\/div><\/section><section data-etch-element=\"section\" class=\"content-featured\"><div data-etch-element=\"container\" class=\"content-featured__container\"><div class=\"content-featured__featured-card featured-card\"><h2 class=\"content-featured__heading featured-card__heading\">Vuoden 2026 laajennetun oppimisymp\u00e4rist\u00f6n ty\u00f6pajat<\/h2><ul><li>Esikoulu \u2013 Desico, kynttil\u00e4paja<\/li><li>1 lk \u2013 Nikari, jakkaran valmistus<\/li><li>2 lk \u2013 Katja \u00d6hrnberg, kuvataidepaja<\/li><li>3 lk \u2013 Aapo Repo, nukketeatterity\u00f6paja<\/li><li>4 lk \u2013 Katriina M\u00e4kinen, hopeakoruty\u00f6paja <\/li><li>5 lk \u2013 Upi Anttila, sep\u00e4npaja<\/li><li>6 lk \u2013 Bianco Blu, lasinpuhallus<\/li><\/ul><\/div><\/div><\/section>","protected":false},"excerpt":{"rendered":"","protected":false},"author":1,"featured_media":0,"parent":0,"menu_order":0,"comment_status":"closed","ping_status":"closed","template":"","meta":{"slim_seo":{"title":"Laajennettu oppimisymp\u00e4rist\u00f6 - Fiskarsin kyl\u00e4koulu","description":""},"footnotes":""},"class_list":["post-1010","page","type-page","status-publish","hentry"],"_links":{"self":[{"href":"https:\/\/fiskarsinkoulu.fi\/sv\/wp-json\/wp\/v2\/pages\/1010","targetHints":{"allow":["GET"]}}],"collection":[{"href":"https:\/\/fiskarsinkoulu.fi\/sv\/wp-json\/wp\/v2\/pages"}],"about":[{"href":"https:\/\/fiskarsinkoulu.fi\/sv\/wp-json\/wp\/v2\/types\/page"}],"author":[{"embeddable":true,"href":"https:\/\/fiskarsinkoulu.fi\/sv\/wp-json\/wp\/v2\/users\/1"}],"replies":[{"embeddable":true,"href":"https:\/\/fiskarsinkoulu.fi\/sv\/wp-json\/wp\/v2\/comments?post=1010"}],"version-history":[{"count":12,"href":"https:\/\/fiskarsinkoulu.fi\/sv\/wp-json\/wp\/v2\/pages\/1010\/revisions"}],"predecessor-version":[{"id":1170,"href":"https:\/\/fiskarsinkoulu.fi\/sv\/wp-json\/wp\/v2\/pages\/1010\/revisions\/1170"}],"wp:attachment":[{"href":"https:\/\/fiskarsinkoulu.fi\/sv\/wp-json\/wp\/v2\/media?parent=1010"}],"curies":[{"name":"wp","href":"https:\/\/api.w.org\/{rel}","templated":true}]}}