{"id":1098,"date":"2026-04-15T13:51:29","date_gmt":"2026-04-15T10:51:29","guid":{"rendered":"https:\/\/fiskarsinkoulu.fi\/tako-ry\/"},"modified":"2026-04-20T09:24:16","modified_gmt":"2026-04-20T06:24:16","slug":"tako-ry","status":"publish","type":"page","link":"https:\/\/fiskarsinkoulu.fi\/en\/tako-ry\/","title":{"rendered":"Tako ry"},"content":{"rendered":"<section data-etch-element=\"section\" class=\"hero-alpha\"><div data-etch-element=\"container\" class=\"hero-alpha__inner\"><div data-etch-element=\"flex-div\" class=\"hero-alpha__content-wrapper\"><h1 class=\"hero-alpha__heading\">Tako Fiskars<\/h1><p class=\"hero-alpha__text\">Kulttuurin, k\u00e4dentaitojen ja taidealojen kehitt\u00e4misyhdistys Tako ry on Fiskarsin ruukissa toimiva yhdistys, jonka tarkoitus on edist\u00e4\u00e4 k\u00e4dentaitojen ja taidealojen asemaa ja arvostusta sek\u00e4 n\u00e4iden alojen osaamista.<\/p><\/div><figure data-etch-element=\"flex-div\" class=\"hero-alpha__media-wrapper tako-fiskars__media-wrapper\"><img loading=\"lazy\" decoding=\"async\"  sizes=\"auto, (max-width: 1000px) 100vw, 1000px\" srcset=\"https:\/\/fiskarsinkoulu.fi\/wp-content\/uploads\/2026\/04\/tammitaimi_ilmantaustaa-1.webp 1000w, https:\/\/fiskarsinkoulu.fi\/wp-content\/uploads\/2026\/04\/tammitaimi_ilmantaustaa-1-291x300.webp 291w, https:\/\/fiskarsinkoulu.fi\/wp-content\/uploads\/2026\/04\/tammitaimi_ilmantaustaa-1-993x1024.webp 993w, https:\/\/fiskarsinkoulu.fi\/wp-content\/uploads\/2026\/04\/tammitaimi_ilmantaustaa-1-150x150.webp 150w, https:\/\/fiskarsinkoulu.fi\/wp-content\/uploads\/2026\/04\/tammitaimi_ilmantaustaa-1-768x792.webp 768w, https:\/\/fiskarsinkoulu.fi\/wp-content\/uploads\/2026\/04\/tammitaimi_ilmantaustaa-1-12x12.webp 12w\" src=\"https:\/\/fiskarsinkoulu.fi\/wp-content\/uploads\/2026\/04\/tammitaimi_ilmantaustaa-1.webp\" alt=\"Tammitaimi ilmantaustaa (1)\" width=\"1000\" height=\"1031\" class=\"hero-alpha__image hero-alpha__media tako-fiskars__image\" \/><\/figure><\/div><\/section><section data-etch-element=\"section\" class=\"content-narrow\"><div data-etch-element=\"container\" class=\"content-narrow__container\"><p>Poikkeuksellista yhdistyksen toiminnassa on se, ett\u00e4 Tako ry omistaa Fiskarsin koulun kiinteist\u00f6t ja vuokraa ne Raaseporin kaupungille, joka j\u00e4rjest\u00e4\u00e4 tiloissa ala-asteen perusopetusta sek\u00e4 esikoulu- ja iltap\u00e4iv\u00e4kerhotoimintaa.<\/p><p>Vuonna 2012 k\u00e4vi ilmi, ett\u00e4 Raaseporin kaupungilla on Fiskarin alakoulun kiinteist\u00f6n osalta edess\u00e4\u00e4n korjaustarpeita ja huonon taloustilanteen vuoksi yhten\u00e4 todenn\u00e4k\u00f6isen\u00e4 vaihtoehtona olisi ollut koulun lakkauttaminen. Tako-yhdistys paikallisen Sophie von Julin-s\u00e4\u00e4ti\u00f6n tuella pystyi hankkimaan koulurakennukset itselleen ja koulun toiminta pystyi jatkumaan entisell\u00e4\u00e4n.<\/p><p>Kaupunki myi koulukiinteist\u00f6t Tako-yhdistykselle ja kaupungin koulutoimesta tuli yhdistyksen vuokralainen. Yhdistys osti vuonna 2012 Fiskarin koulun viereisen vanhan koulurakennuksen ja lunasti omistukseensa my\u00f6s uudemman koulukiinteist\u00f6n vuonna 2015. Tako ry huolehtii koulun peruskorjauksesta Sophie von Julinin s\u00e4\u00e4ti\u00f6n tuella ja vuokraa tiloja my\u00f6s muuhun kurssi ja harrastustoimintaan.<\/p><p>Fiskarsin koulun kiinteist\u00f6\u00f6n kuuluu kaksi rakennusta, vanha ja uusi rakennus. Vanhan koulurakennuksen eli Takotalon tilat on remontoitu monipuoliseen k\u00e4ytt\u00f6\u00f6n soveltuviksi opetus- ja kokoontumistiloiksi. Uutta koulukiinteist\u00f6\u00e4 on remontoitu laajasti viime vuosina ja tilojen p\u00e4ivitt\u00e4minen jatkuu edelleen.<\/p><p>Tako ry:n keskeisimp\u00e4n\u00e4 strategisena tavoitteena ja painopistealueena on Fiskarsin koulun kiinteist\u00f6jen vastuullinen omistaminen, yll\u00e4pito ja hallinnointi.<\/p><\/div><\/section><section data-etch-element=\"section\" class=\"content-one\"><div data-etch-element=\"container\" class=\"content-one__container\"><div class=\"content-one__content-wrapper\"><h2>Vanha kansakoulu eli Takotalo<\/h2><p class=\"content-one__text\">Takotalo toimii luovien aineiden tilana. Takotalon alakerrassa on k\u00e4sity\u00f6luokka, kuvaamataidon luokka, aula sek\u00e4 teknisen ty\u00f6n luokka. P\u00e4ivisin tilat ovat koulutoiminnan k\u00e4yt\u00f6ss\u00e4 ja muina aikoina tiloja voi vuokrata koulun ulkopuoliseen toimintaan.<\/p><p class=\"content-one__text\">Takotalon yl\u00e4kerrassa on kaksi huoneistoa. N\u00e4ist\u00e4 toisen Fiskars Kyl\u00e4seura on vuokrannut k\u00e4ytt\u00f6\u00f6ns\u00e4 ja siell\u00e4 toimii koko kyl\u00e4n yhteinen Kyl\u00e4tila. Kyl\u00e4tilassa j\u00e4rjestet\u00e4\u00e4n aktiivista lapsi-, nuoriso ja kansalaistoimintaa aina perhekerhosta nuokkariin. Kyl\u00e4tilassa on kaksi huonetta, keitti\u00f6, wc sek\u00f6 suihku.<\/p><p class=\"content-one__text\">Rakennuksen yl\u00e4lkerran toinen huoneisto &quot;Yl\u00e4kerta&quot; on Tako Ry:n omassa k\u00e4yt\u00f6ss\u00e4. Tilaa voidaan k\u00e4ytt\u00e4\u00e4 esimerkiksi kokouksiin, ryhm\u00e4t\u00f6ihin ja luentoihin, mutta my\u00f6s vuokraustoimintaan. Kes\u00e4isin huoneistosssa j\u00e4rjestet\u00e4\u00e4n leiri- ja majoitustoimintaa. My\u00f6s t\u00e4ss\u00e4 huoneistossa on kaksi huonetta, keitti\u00f6, wc ja suihku.<\/p><\/div><figure class=\"content-one__media-wrapper\"><img loading=\"lazy\" decoding=\"async\"  sizes=\"auto, (max-width: 1024px) 100vw, 1024px\" srcset=\"https:\/\/fiskarsinkoulu.fi\/wp-content\/uploads\/2026\/04\/DSC8658.webp 1024w, https:\/\/fiskarsinkoulu.fi\/wp-content\/uploads\/2026\/04\/DSC8658-300x200.webp 300w, https:\/\/fiskarsinkoulu.fi\/wp-content\/uploads\/2026\/04\/DSC8658-150x150.webp 150w, https:\/\/fiskarsinkoulu.fi\/wp-content\/uploads\/2026\/04\/DSC8658-768x511.webp 768w, https:\/\/fiskarsinkoulu.fi\/wp-content\/uploads\/2026\/04\/DSC8658-18x12.webp 18w\" src=\"https:\/\/fiskarsinkoulu.fi\/wp-content\/uploads\/2026\/04\/DSC8658.webp\" alt=\"DSC8658\" width=\"1024\" height=\"681\" class=\"content-one__image\" \/><\/figure><figure class=\"illustrations__helmitaulu\"><img loading=\"lazy\" decoding=\"async\"  sizes=\"auto, (max-width: 459px) 100vw, 459px\" srcset=\"https:\/\/fiskarsinkoulu.fi\/wp-content\/uploads\/2026\/03\/omppuja_flat_ilmantaustaa.webp 459w, https:\/\/fiskarsinkoulu.fi\/wp-content\/uploads\/2026\/03\/omppuja_flat_ilmantaustaa-230x300.webp 230w, https:\/\/fiskarsinkoulu.fi\/wp-content\/uploads\/2026\/03\/omppuja_flat_ilmantaustaa-150x150.webp 150w\" src=\"https:\/\/fiskarsinkoulu.fi\/wp-content\/uploads\/2026\/03\/omppuja_flat_ilmantaustaa.webp\" alt=\"Omppuja flat ilmantaustaa\" width=\"459\" height=\"598\" class=\"illustrations__image\" \/><\/figure><\/div><div data-etch-element=\"container\" class=\"content-one__container reverse-order\"><div class=\"content-one__content-wrapper\"><h2>&quot;Uusi&quot; koulurakennus<\/h2><p class=\"content-one__text\">Toinen koulukiinteist\u00f6, &quot;Uusi&quot; koulurakennus, toimii koulun lukuvuoden aikana alakouluna. Uudessa koulurakennuksessa on viime vuosina remontoitu l\u00e4hes kaikki luokkahuoneet ja m\u00e4rk\u00e4tilat on peruskorjattu. My\u00f6s esikoulu toimii uuden koulurakennuksen tiloissa. Luokkahuoneita on yhteens\u00e4 kuusi ja n\u00e4ist\u00e4 yksi luokka toimii ryhm\u00e4ty\u00f6tilana. Rakennuksessa on opetus- ja luokkatilojen lis\u00e4ksi keitti\u00f6, ruokala sek\u00e4 liikuntasali.<\/p><p class=\"content-one__text\">Koulurakennuksissa on paljon toimintaa kouluaikojen ulkopuolella. Iltaisin ja viikonloppuisin kansalaisopisto k\u00e4ytt\u00e4\u00e4 tiloja ja lis\u00e4ksi my\u00f6s muut toimijat vuokraavat tiloja k\u00e4ytt\u00f6\u00f6ns\u00e4 erilaisiin tarkoituksiin. Kes\u00e4ll\u00e4 koululla j\u00e4rjestet\u00e4\u00e4n lapsille leirej\u00e4 ja Tako ry:ll\u00e4 on my\u00f6s omaa kurssi- ja majoitustoimintaa.<\/p><\/div><figure class=\"content-one__media-wrapper\"><img loading=\"lazy\" decoding=\"async\"  sizes=\"auto, (max-width: 1024px) 100vw, 1024px\" srcset=\"https:\/\/fiskarsinkoulu.fi\/wp-content\/uploads\/2026\/04\/DSC8727-1024x681-1.webp 1024w, https:\/\/fiskarsinkoulu.fi\/wp-content\/uploads\/2026\/04\/DSC8727-1024x681-1-300x200.webp 300w, https:\/\/fiskarsinkoulu.fi\/wp-content\/uploads\/2026\/04\/DSC8727-1024x681-1-150x150.webp 150w, https:\/\/fiskarsinkoulu.fi\/wp-content\/uploads\/2026\/04\/DSC8727-1024x681-1-768x511.webp 768w, https:\/\/fiskarsinkoulu.fi\/wp-content\/uploads\/2026\/04\/DSC8727-1024x681-1-18x12.webp 18w\" src=\"https:\/\/fiskarsinkoulu.fi\/wp-content\/uploads\/2026\/04\/DSC8727-1024x681-1.webp\" alt=\"DSC8727 1024x681\" width=\"1024\" height=\"681\" class=\"content-one__image\" \/><\/figure><\/div><\/section><section data-etch-element=\"section\" class=\"contact-info-section\"><div data-etch-element=\"container\" data-intro-style=\"Center\" class=\"section-intro\"><div data-etch-element=\"flex-div\" class=\"section-intro__content-wrapper\"><h2 data-headline-level=\"h2\" class=\"section-intro__headline\">Yhteystiedot \u2013 Tako ry<\/h2><\/div><\/div><div data-etch-element=\"container\" class=\"contact-info-section__container\"><div><p>Puhelin: 044 725 0083<\/p><p>S\u00e4hk\u00f6posti: tako@takofiskars.fi<\/p><p>Y-tunnus: 2316124-5<\/p><\/div><div><h4>K\u00e4yntiosoite<\/h4><p>Opintie 5, 10470 Fiskars<\/p><\/div><div><h4>Laskutusosoite<\/h4><p>Verkkolaskuosoite OVT: 003723161245<\/p><p>OVT-tunnus: 003723161245<\/p><p>Operaattori: Apix Messaging Oy (003723327487)<\/p><\/div><div><h4>Hallitus<\/h4><p>Maria Zitting, puheenjohtaja<\/p><p>Sami Tauriainen, varapuheenjohtaja<\/p><p>Michael Franck, j\u00e4sen<\/p><p>Mikko Laakkonen, j\u00e4sen<\/p><p>Sanna Valkeap\u00e4\u00e4, j\u00e4sen<\/p><p>Tiia Pippuri, j\u00e4sen<\/p><p>Rauno Sairinen, varaj\u00e4sen<\/p><p>Adam Detre, varaj\u00e4sen<\/p><\/div><div><h4>Toiminnanjohtajat<\/h4><p>Kati Peiponen<\/p><p>Katriina M\u00e4kinen<\/p><\/div><figure class=\"illustrations__tilat\"><img loading=\"lazy\" decoding=\"async\"  sizes=\"auto, (max-width: 500px) 100vw, 500px\" srcset=\"https:\/\/fiskarsinkoulu.fi\/wp-content\/uploads\/2026\/03\/varaa_tiloja_flat_ilmantaustaa.webp 500w, https:\/\/fiskarsinkoulu.fi\/wp-content\/uploads\/2026\/03\/varaa_tiloja_flat_ilmantaustaa-173x300.webp 173w, https:\/\/fiskarsinkoulu.fi\/wp-content\/uploads\/2026\/03\/varaa_tiloja_flat_ilmantaustaa-150x150.webp 150w\" src=\"https:\/\/fiskarsinkoulu.fi\/wp-content\/uploads\/2026\/03\/varaa_tiloja_flat_ilmantaustaa.webp\" alt=\"Varaa tiloja flat ilmantaustaa\" width=\"500\" height=\"865\" class=\"illustrations__image\" \/><\/figure><\/div><\/section>","protected":false},"excerpt":{"rendered":"","protected":false},"author":1,"featured_media":0,"parent":0,"menu_order":0,"comment_status":"closed","ping_status":"closed","template":"","meta":{"slim_seo":{"title":"Tako ry - Fiskarsin kyl\u00e4koulu","description":""},"footnotes":""},"class_list":["post-1098","page","type-page","status-publish","hentry"],"_links":{"self":[{"href":"https:\/\/fiskarsinkoulu.fi\/en\/wp-json\/wp\/v2\/pages\/1098","targetHints":{"allow":["GET"]}}],"collection":[{"href":"https:\/\/fiskarsinkoulu.fi\/en\/wp-json\/wp\/v2\/pages"}],"about":[{"href":"https:\/\/fiskarsinkoulu.fi\/en\/wp-json\/wp\/v2\/types\/page"}],"author":[{"embeddable":true,"href":"https:\/\/fiskarsinkoulu.fi\/en\/wp-json\/wp\/v2\/users\/1"}],"replies":[{"embeddable":true,"href":"https:\/\/fiskarsinkoulu.fi\/en\/wp-json\/wp\/v2\/comments?post=1098"}],"version-history":[{"count":5,"href":"https:\/\/fiskarsinkoulu.fi\/en\/wp-json\/wp\/v2\/pages\/1098\/revisions"}],"predecessor-version":[{"id":1188,"href":"https:\/\/fiskarsinkoulu.fi\/en\/wp-json\/wp\/v2\/pages\/1098\/revisions\/1188"}],"wp:attachment":[{"href":"https:\/\/fiskarsinkoulu.fi\/en\/wp-json\/wp\/v2\/media?parent=1098"}],"curies":[{"name":"wp","href":"https:\/\/api.w.org\/{rel}","templated":true}]}}