{"id":1092,"date":"2026-04-15T13:40:50","date_gmt":"2026-04-15T10:40:50","guid":{"rendered":"https:\/\/fiskarsinkoulu.fi\/elamaa-fiskarsissa\/"},"modified":"2026-04-20T09:15:35","modified_gmt":"2026-04-20T06:15:35","slug":"elamaa-fiskarsissa","status":"publish","type":"page","link":"https:\/\/fiskarsinkoulu.fi\/en\/elamaa-fiskarsissa\/","title":{"rendered":"El\u00e4m\u00e4\u00e4 Fiskarsissa"},"content":{"rendered":"<section data-etch-element=\"section\" class=\"hero-alpha\"><div data-etch-element=\"container\" class=\"hero-alpha__inner\"><div data-etch-element=\"flex-div\" class=\"hero-alpha__content-wrapper\"><h1 class=\"hero-alpha__heading\">El\u00e4m\u00e4\u00e4 Fiskarsissa<\/h1><p class=\"hero-alpha__text\">Perheiden ja fiskarsilaisten lasten kokemuksia.<\/p><\/div><figure data-etch-element=\"flex-div\" class=\"hero-alpha__media-wrapper\"><img loading=\"lazy\" decoding=\"async\"  sizes=\"auto, (max-width: 1000px) 100vw, 1000px\" srcset=\"https:\/\/fiskarsinkoulu.fi\/wp-content\/uploads\/2026\/04\/Lehtojen-kuva.webp 1000w, https:\/\/fiskarsinkoulu.fi\/wp-content\/uploads\/2026\/04\/Lehtojen-kuva-300x225.webp 300w, https:\/\/fiskarsinkoulu.fi\/wp-content\/uploads\/2026\/04\/Lehtojen-kuva-150x150.webp 150w, https:\/\/fiskarsinkoulu.fi\/wp-content\/uploads\/2026\/04\/Lehtojen-kuva-768x576.webp 768w, https:\/\/fiskarsinkoulu.fi\/wp-content\/uploads\/2026\/04\/Lehtojen-kuva-16x12.webp 16w\" src=\"https:\/\/fiskarsinkoulu.fi\/wp-content\/uploads\/2026\/04\/Lehtojen-kuva.webp\" alt=\"Lehtojen kuva\" width=\"1000\" height=\"750\" class=\"hero-alpha__image hero-alpha__media\" \/><\/figure><\/div><\/section><section data-etch-element=\"section\" class=\"content-narrow elamaa-fiskarsissa__content-narrow\"><div data-etch-element=\"container\" class=\"content-narrow__container\"><p>Meid\u00e4n nelihenkinen perhe muutti Fiskarsiin kes\u00e4ll\u00e4 2022. Olimme jo tovin etsineet paikkaa, jonne perheemme voisi asettua pidemm\u00e4ksi aikaa (ehk\u00e4 jopa koko loppuel\u00e4m\u00e4ksemme), joten voitte kuvitella, ett\u00e4 vaatimuksemme pysyv\u00e4\u00e4 asuinseutua kohtaan olivat eritt\u00e4in korkeat!<\/p><p>Heti ensimm\u00e4inen asia, mik\u00e4 meit\u00e4 veti Fiskarsissa puoleensa, oli pieni (ja t\u00e4n\u00e4 p\u00e4iv\u00e4n\u00e4 hyvin harvinainen) kyl\u00e4koulu, jossa esikoisemme sai aloittaa koulutaipaleensa rauhassa. Pieni kyl\u00e4koulu mahdollistaa mm. sen, ett\u00e4 yksil\u00f6t voivat saada helpommin tarvitsemaansa tukea, ja yst\u00e4vi\u00e4 tulee tehty\u00e4 herkemmin my\u00f6s yli luokkarajojen.<\/p><p>Toisena asiana ihastuimme tietenkin Fiskarsin upeaan luontoon, sek\u00e4 siihen, miten paljon Fiskarsissa arvostetaan kulttuuria ja taidetta. N\u00e4ihin panostetaan paljon, ja t\u00e4m\u00e4 on meille kulttuurin &amp; luovan alan ammattilaisina valtavan iso plussa. Kulttuuri n\u00e4kyy arjessamme joka p\u00e4iv\u00e4: koulun, p\u00e4iv\u00e4kodin ja vapaa-ajan aktiviteeteissa, mutta my\u00f6s ymp\u00e4ri vuoden n\u00e4iss\u00e4 kuvankauniissa, kulttuurihistoriallisissa maisemissa. <\/p><p>Kun puhutaan Fiskarsilaisista, uskallan v\u00e4itt\u00e4\u00e4, ett\u00e4 meit\u00e4 kaikkia yhdist\u00e4\u00e4 monet samat arvot: arvostus luontoa, taidetta, kulttuurihistoriaa, yhteis\u00f6llisyytt\u00e4 ja kest\u00e4v\u00e4\u00e4 el\u00e4m\u00e4ntyyli\u00e4 kohtaan. T\u00e4ss\u00e4 kyl\u00e4ss\u00e4 on valtavan helppo tutustua uusiin ihmisiin (jos vain haluaa), ja siin\u00e4 auttaa esimerkiksi meid\u00e4n runsaslukuinen (sek\u00e4 taloudellisesti saavutettava!) yhdistys-, kerho- ja harrastustoiminta. Tiiviin yhteis\u00f6n vuoksi kyl\u00e4n arkea koskeviin asioihin on my\u00f6s helpompaa vaikuttaa. Kyl\u00e4yhdistyksen toiminnasta voi lukea lis\u00e4\u00e4 t\u00e4\u00e4lt\u00e4 (https:\/\/fiskarsilaiset.fi), ja MLL:n kerhotoiminnasta t\u00e4\u00e4lt\u00e4 (https:\/\/fiskari.mll.fi\/)<\/p><p>Ty\u00f6paikkamme sijaitsevat t\u00e4ll\u00e4 hetkell\u00e4 Raaseporin ulkopuolella, toisessa kaupungissa, mutta et\u00e4ty\u00f6mahdollisuuksien vuoksi t\u00e4m\u00e4 ei ole koitunut ongelmaksi, ja l\u00e4hip\u00e4ivin\u00e4 on helppo hurauttaa Karjaalta junalla minne ikin\u00e4 tarvitseekaan.<\/p><p>Emme ole katuneet hetke\u00e4k\u00e4\u00e4n muuttoa Fiskarsiin. T\u00e4m\u00e4 kyl\u00e4 on turvallinen, luonnonl\u00e4heinen tyyssija, jossa luovuus n\u00e4kyy ja kukoistaa. Muutto t\u00e4nne teki koko perheellemme hyv\u00e4\u00e4. <\/p><p class=\"accent-text\">Siis ei muuta kuin tervetuloa Fiskarsiin \u2014 hymyill\u00e4\u00e4n kun tavataan!<\/p><\/div><\/section>","protected":false},"excerpt":{"rendered":"","protected":false},"author":1,"featured_media":0,"parent":0,"menu_order":0,"comment_status":"closed","ping_status":"closed","template":"","meta":{"slim_seo":{"title":"El\u00e4m\u00e4\u00e4 Fiskarsissa - Fiskarsin kyl\u00e4koulu","description":""},"footnotes":""},"class_list":["post-1092","page","type-page","status-publish","hentry"],"_links":{"self":[{"href":"https:\/\/fiskarsinkoulu.fi\/en\/wp-json\/wp\/v2\/pages\/1092","targetHints":{"allow":["GET"]}}],"collection":[{"href":"https:\/\/fiskarsinkoulu.fi\/en\/wp-json\/wp\/v2\/pages"}],"about":[{"href":"https:\/\/fiskarsinkoulu.fi\/en\/wp-json\/wp\/v2\/types\/page"}],"author":[{"embeddable":true,"href":"https:\/\/fiskarsinkoulu.fi\/en\/wp-json\/wp\/v2\/users\/1"}],"replies":[{"embeddable":true,"href":"https:\/\/fiskarsinkoulu.fi\/en\/wp-json\/wp\/v2\/comments?post=1092"}],"version-history":[{"count":4,"href":"https:\/\/fiskarsinkoulu.fi\/en\/wp-json\/wp\/v2\/pages\/1092\/revisions"}],"predecessor-version":[{"id":1176,"href":"https:\/\/fiskarsinkoulu.fi\/en\/wp-json\/wp\/v2\/pages\/1092\/revisions\/1176"}],"wp:attachment":[{"href":"https:\/\/fiskarsinkoulu.fi\/en\/wp-json\/wp\/v2\/media?parent=1092"}],"curies":[{"name":"wp","href":"https:\/\/api.w.org\/{rel}","templated":true}]}}