{"id":1084,"date":"2026-04-15T13:18:44","date_gmt":"2026-04-15T10:18:44","guid":{"rendered":"https:\/\/fiskarsinkoulu.fi\/meidan-koulu\/"},"modified":"2026-04-20T09:15:35","modified_gmt":"2026-04-20T06:15:35","slug":"meidan-koulu","status":"publish","type":"page","link":"https:\/\/fiskarsinkoulu.fi\/en\/meidan-koulu\/","title":{"rendered":"Meid\u00e4n koulu -projekti"},"content":{"rendered":"<section data-etch-element=\"section\" class=\"hero-alpha\"><div data-etch-element=\"container\" class=\"hero-alpha__inner\"><div data-etch-element=\"flex-div\" class=\"hero-alpha__content-wrapper\"><h1 class=\"hero-alpha__heading\">Meid\u00e4n koulu -projekti<\/h1><p class=\"hero-alpha__text\">Meid\u00e4n koulu -projekti on viisivaiheinen MLL Fiskarin paikallisyhdistyksen mahdollistama projekti, jonka tarkoituksena on tukea koulun s\u00e4ilymist\u00e4 elinvoimaisena Fiskarsin ruukkikyl\u00e4ss\u00e4. Projektin avulla on toteutettu monia koulun kehitt\u00e4mistoimia. Parhaillaan on meneill\u00e4\u00e4n projektin toinen vaihe, jossa keskityt\u00e4\u00e4n koulun tunnetuksi tekemiseen.<\/p><\/div><figure data-etch-element=\"flex-div\" class=\"hero-alpha__media-wrapper\"><img loading=\"lazy\" decoding=\"async\"  sizes=\"auto, (max-width: 1500px) 100vw, 1500px\" srcset=\"https:\/\/fiskarsinkoulu.fi\/wp-content\/uploads\/2026\/04\/DJI_0049.webp 1500w, https:\/\/fiskarsinkoulu.fi\/wp-content\/uploads\/2026\/04\/DJI_0049-300x214.webp 300w, https:\/\/fiskarsinkoulu.fi\/wp-content\/uploads\/2026\/04\/DJI_0049-1024x730.webp 1024w, https:\/\/fiskarsinkoulu.fi\/wp-content\/uploads\/2026\/04\/DJI_0049-150x150.webp 150w, https:\/\/fiskarsinkoulu.fi\/wp-content\/uploads\/2026\/04\/DJI_0049-768x548.webp 768w, https:\/\/fiskarsinkoulu.fi\/wp-content\/uploads\/2026\/04\/DJI_0049-18x12.webp 18w\" src=\"https:\/\/fiskarsinkoulu.fi\/wp-content\/uploads\/2026\/04\/DJI_0049.webp\" alt=\"DJI\" width=\"1500\" height=\"1070\" class=\"hero-alpha__image hero-alpha__media\" \/><\/figure><\/div><\/section><section data-etch-element=\"section\" class=\"content-narrow\"><div data-etch-element=\"container\" class=\"content-narrow__container\"><h2>Projektin tausta<\/h2><p>Meid\u00e4n koulu -projekti sai alkunsa nelj\u00e4n henkil\u00f6n yhteisest\u00e4 rakkaudesta Fiskarsin ruukkikyl\u00e4\u00e4 ja sen koulua kohtaan. Huoli koulun hyvinvoinnista ja sen pysyvyydest\u00e4 toi meid\u00e4t yhteen luomaan jotain uutta ja erilaista. Hankkeen tavoitteena on edist\u00e4\u00e4 opetussuunnitelman toteutumista tarkoituksen mukaisella tavalla vanhoissa koulurakennuksissa.<\/p><p>Fiskarin koulu on t\u00e4rke\u00e4 osa ruukin yhteis\u00f6\u00e4. Moni perhe muuttaa Fiskarsiin juuri siksi, ett\u00e4 kyl\u00e4ss\u00e4 on pieni, k\u00e4velyet\u00e4isyydell\u00e4 sijaitseva koulu. Koulurakennukset ovat erityisess\u00e4 asemassa, sill\u00e4 ne omistaa Tako ry, jonka tavoitteena on rakennusten kunnostaminen, yll\u00e4pit\u00e4minen ja k\u00e4yt\u00f6n kehitt\u00e4minen. On t\u00e4rke\u00e4\u00e4, ett\u00e4 Raaseporin kaupunki ja koulun toiminta voivat k\u00e4ytt\u00e4\u00e4 tiloja t\u00e4ysipainoisesti.<\/p><p>Projektille my\u00f6nnettiin rahoitus joka jaettiin viiteen erilliseen osioon. Rahoittajana toimii Mannerheimin lastensuojeluliiton Fiskarsin paikallisyhdistys ry.<\/p><\/div><\/section><section data-etch-element=\"section\" class=\"content-narrow\"><div data-etch-element=\"container\" class=\"content-narrow__container\"><h2>Projektin ensimm\u00e4inen vaihe 2022\u20132024<\/h2><p>Projektin ensimm\u00e4isen vaiheen tavoitteenamme oli parantaa oppilaiden viihtyvyytt\u00e4 koulun tiloissa ja piha-alueella sek\u00e4 luoda nykyisen opetussuunnitelman mukaisia monipuolisia oppimisymp\u00e4rist\u00f6j\u00e4. Oppilaat, koulun henkil\u00f6kunta ja paikalliset ammattilaiset osallistuivat sek\u00e4 suunnitteluun ett\u00e4 toteutukseen. N\u00e4in syntyi ainutlaatuisia yksityiskohtia, joissa n\u00e4kyv\u00e4t lasten ideat ja k\u00e4denj\u00e4lki.<\/p><p>Uusia tiloja suunnitellessamme pyrimme ajattelemaan oppimisymp\u00e4rist\u00f6j\u00e4 uudella tavalla. Tavoitteena oli luoda tiloja, jotka palvelevat ensisijaisesti koulua, mutta joita voidaan monipuolisten k\u00e4ytt\u00f6mahdollisuuksiensa ansiosta hy\u00f6dynt\u00e4\u00e4 my\u00f6s kyl\u00e4yhteis\u00f6n ja l\u00e4hialueiden toiminnassa.<\/p><p>P\u00e4\u00e4m\u00e4\u00e4r\u00e4n\u00e4 oli tehd\u00e4 koulusta entist\u00e4 viihtyis\u00e4mpi oppimisymp\u00e4rist\u00f6, jonka henki on yhteisty\u00f6ss\u00e4 tehty MEID\u00c4N KOULU.<\/p><\/div><div data-etch-element=\"container\" data-intro-style=\"Center\" class=\"section-intro\"><div data-etch-element=\"flex-div\" class=\"section-intro__content-wrapper\"><h3 data-headline-level=\"h3\" class=\"section-intro__headline\">Projektin aikana toteutettua:<\/h3><\/div><\/div><div data-etch-element=\"container\" class=\"feature-section-frankfurt__content-wrapper meidan-koulu__content-wrapper\"><div data-etch-element=\"container\" class=\"feature-section-frankfurt__content-inner\"><ul data-etch-element=\"flex-div\" class=\"feature-section-frankfurt__feature-list\"><li class=\"feature-section-frankfurt__feature-list-item\"><article data-etch-element=\"flex-div\" class=\"feature-card-alpha\"><h2 class=\"feature-card-alpha__heading\">Meid\u00e4n Koulu -tapetti \u2013 Ohjaajana Eri Shimatsuka<\/h2><p class=\"feature-card-alpha__description\">Tapettiprojektin tavoitteena oli ottaa lapset mukaan koulun tilojen suunnitteluun. Eri Shimatsuka ideoi tapetin yhdess\u00e4 oppilaiden kanssa ja lapset piirsiv\u00e4t ruokasalin seinille toteutetun tapetin kuvituksen. Aiheena on Mets\u00e4n juhla, jonka kautta lapset ovat tuoneet ruokasaliin iloa ja eloa. Samalla he ovat saaneet kokemuksen siit\u00e4, ett\u00e4 voivat vaikuttaa ymp\u00e4rist\u00f6\u00f6ns\u00e4 ja olla osa yhteist\u00e4 tilaa.<\/p><\/article><\/li><li class=\"feature-section-frankfurt__feature-list-item\"><article data-etch-element=\"flex-div\" class=\"feature-card-alpha\"><h2 class=\"feature-card-alpha__heading\">Meid\u00e4n Koulu -taideteos \u2013 Ohjaajana Minja Kolehmainen<\/h2><p class=\"feature-card-alpha__description\">Koulun sis\u00e4\u00e4nk\u00e4ynnin rappuk\u00e4yt\u00e4v\u00e4\u00e4n on toteutettu yhteisty\u00f6ss\u00e4 oppilaiden kanssa &quot;Unelmat&quot;-taideteos. Teos toimii samalla akustoivana elementtin\u00e4. Oppilaat osallistuivat teoksen valmistukseen maalaamalla siihen kultaisia yksityiskohtia.<\/p><\/article><\/li><li class=\"feature-section-frankfurt__feature-list-item\"><article data-etch-element=\"flex-div\" class=\"feature-card-alpha\"><h2 class=\"feature-card-alpha__heading\">Koulun eteisen kunnostus<\/h2><p class=\"feature-card-alpha__description\">Projektin yhteydess\u00e4 hankittiin eteiseen uudet naulakot ja kenk\u00e4telineet. Lis\u00e4ksi eteisk\u00e4yt\u00e4v\u00e4lle asennettiin akustoivia sein\u00e4tauluja, joihin voidaan ripustaa oppilaiden piirustuksia.<\/p><\/article><\/li><li class=\"feature-section-frankfurt__feature-list-item\"><article data-etch-element=\"flex-div\" class=\"feature-card-alpha\"><h2 class=\"feature-card-alpha__heading\">Kierr\u00e4tyspisteet<\/h2><p class=\"feature-card-alpha__description\">Koulun opetustiloihin hankittiin uudet kierr\u00e4tyspisteet, jotka tukevat ymp\u00e4rist\u00f6kasvatusta ja kest\u00e4vien toimintatapojen oppimista.<\/p><\/article><\/li><li class=\"feature-section-frankfurt__feature-list-item\"><article data-etch-element=\"flex-div\" class=\"feature-card-alpha\"><h2 class=\"feature-card-alpha__heading\">Piha-alue<\/h2><p class=\"feature-card-alpha__description\">Koulun pihalle saatiin lahjoituksena Amor Rexin taidemuseosta Yinka Ilorin installation Transparent Happiness pingisp\u00f6yt\u00e4 ja koripallokori. Lis\u00e4ksi koripallokentt\u00e4 laatoitettiin ja pihalle asennettiin pikashakki ja koululaisten kasvattamille kasveille iso istutusallas.<\/p><\/article><\/li><\/ul><\/div><\/div><\/section><section data-etch-element=\"section\" class=\"content-narrow\"><div data-etch-element=\"container\" class=\"content-narrow__container\"><h2>Projektin toinen vaihe 2025-2026<\/h2><p>Projektin toisessa vaiheessa keski\u00f6ss\u00e4 ovat koulun profiloituminen, viestint\u00e4 ja markkinointi sek\u00e4 kyl\u00e4yhteis\u00f6n tarjoamat mahdollisuudet oppimisymp\u00e4rist\u00f6n\u00e4.<\/p><p>Koulun ei tarvitse tehd\u00e4 erityisi\u00e4 temppuja muuttuakseen joksikin poikkeukselliseksi. Sen t\u00e4rkein teht\u00e4v\u00e4 on edelleen sama \u2013 opettaa lapsia. Meid\u00e4n koulu -projektin kautta pyrit\u00e4\u00e4n luomaan koululle ty\u00f6rauha ja samalla rikastamaan koulun arkea tarjoamalla mahdollisuuksia erilaisiin projekteihin ja ty\u00f6pajoihin, joita ruukkikyl\u00e4n yhteis\u00f6 voi tarjota.<\/p><p>Koulun, kyl\u00e4yhteis\u00f6n ja luovien alojen ammattilaisten yhteisty\u00f6st\u00e4 syntyy kokonaisuus, joka on sek\u00e4 erityinen ett\u00e4 arvokas voimavara.<\/p><\/div><div data-etch-element=\"container\" data-intro-style=\"Center\" class=\"section-intro\"><div data-etch-element=\"flex-div\" class=\"section-intro__content-wrapper\"><h3 data-headline-level=\"h3\" class=\"section-intro__headline\">Projektin toisen vaiheen aikana toteutettua:<\/h3><\/div><\/div><div data-etch-element=\"container\" class=\"contact-info-section__container\"><ul style=\"--icon: url(https:\/\/fiskarsinkoulu.fi\/wp-content\/uploads\/2026\/04\/check-lg.svg); --icon-color: var(--black); --font-size: 1em; --icon-offset-block: .5ex; --list-item-gap: .5ex; --label-color: currentColor;\" class=\"icon-list-alpha\"><li class=\"icon-list-alpha__item\"><span class=\"list-item-alpha__item-label\">Koulun verkkosivujen luominen<\/span><\/li><li class=\"icon-list-alpha__item\"><span class=\"list-item-alpha__item-label\">Some-kanavien perustaminen<\/span><\/li><li class=\"icon-list-alpha__item\"><span class=\"list-item-alpha__item-label\">Osallistuminen Lapsimessuille<\/span><\/li><li class=\"icon-list-alpha__item\"><span class=\"list-item-alpha__item-label\">Vuosittaisen Kev\u00e4trieha-tapahtuman j\u00e4rjest\u00e4minen<\/span><\/li><\/ul><\/div><\/section><section data-etch-element=\"section\" class=\"content-narrow\"><div data-etch-element=\"container\" class=\"content-narrow__container\"><h2>Lopuksi<\/h2><p>Koulu on keskeinen osa lasten arkea. Mielest\u00e4mme sen tulee olla inspiroiva ja turvallinen ymp\u00e4rist\u00f6, joka tukee oppimista. Fiskarsin ruukki tarjoaa t\u00e4h\u00e4n ainutlaatuisen ja luovan ymp\u00e4rist\u00f6n, jossa yhteis\u00f6 tukee koulun toimintaa ja hyvinvointia.<\/p><p>Teemme aktiivisesti yhteisty\u00f6t\u00e4 koulun kehitt\u00e4miseksi ja nykyisen opetussuunnitelman mukaisten oppimisymp\u00e4rist\u00f6jen luomiseksi useiden eri toimijoiden kesken. T\u00e4m\u00e4 hanke perustuu avoimeen vuoropuheluun ja yhdess\u00e4 etsimiseen.<\/p><p>Jatkamme ty\u00f6t\u00e4 my\u00f6s tulevaisuudessa. Uusia ajatuksia kehitet\u00e4\u00e4n esimerkiksi luonnon hy\u00f6dynt\u00e4misen, piha-alueiden kehitt\u00e4misen, ruoan, omavaraisuuden ja koulun profiloitumisen ymp\u00e4rill\u00e4 \u2013 aina koulun tarpeita kuunnellen.<\/p><\/div><\/section>","protected":false},"excerpt":{"rendered":"","protected":false},"author":1,"featured_media":0,"parent":0,"menu_order":0,"comment_status":"closed","ping_status":"closed","template":"","meta":{"slim_seo":{"title":"Meid\u00e4n koulu -projekti - Fiskarsin kyl\u00e4koulu","description":""},"footnotes":""},"class_list":["post-1084","page","type-page","status-publish","hentry"],"_links":{"self":[{"href":"https:\/\/fiskarsinkoulu.fi\/en\/wp-json\/wp\/v2\/pages\/1084","targetHints":{"allow":["GET"]}}],"collection":[{"href":"https:\/\/fiskarsinkoulu.fi\/en\/wp-json\/wp\/v2\/pages"}],"about":[{"href":"https:\/\/fiskarsinkoulu.fi\/en\/wp-json\/wp\/v2\/types\/page"}],"author":[{"embeddable":true,"href":"https:\/\/fiskarsinkoulu.fi\/en\/wp-json\/wp\/v2\/users\/1"}],"replies":[{"embeddable":true,"href":"https:\/\/fiskarsinkoulu.fi\/en\/wp-json\/wp\/v2\/comments?post=1084"}],"version-history":[{"count":6,"href":"https:\/\/fiskarsinkoulu.fi\/en\/wp-json\/wp\/v2\/pages\/1084\/revisions"}],"predecessor-version":[{"id":1175,"href":"https:\/\/fiskarsinkoulu.fi\/en\/wp-json\/wp\/v2\/pages\/1084\/revisions\/1175"}],"wp:attachment":[{"href":"https:\/\/fiskarsinkoulu.fi\/en\/wp-json\/wp\/v2\/media?parent=1084"}],"curies":[{"name":"wp","href":"https:\/\/api.w.org\/{rel}","templated":true}]}}