{"id":1058,"date":"2026-04-15T11:05:58","date_gmt":"2026-04-15T08:05:58","guid":{"rendered":"https:\/\/fiskarsinkoulu.fi\/paivakoti\/"},"modified":"2026-04-15T14:28:27","modified_gmt":"2026-04-15T11:28:27","slug":"paivakoti","status":"publish","type":"page","link":"https:\/\/fiskarsinkoulu.fi\/en\/paivakoti\/","title":{"rendered":"P\u00e4iv\u00e4koti"},"content":{"rendered":"<section data-etch-element=\"section\" class=\"hero-alpha\"><div data-etch-element=\"container\" class=\"hero-alpha__inner\"><div data-etch-element=\"flex-div\" class=\"hero-alpha__content-wrapper\"><h1 class=\"hero-alpha__heading\">Fiskarsin p\u00e4iv\u00e4koti<\/h1><\/div><figure data-etch-element=\"flex-div\" class=\"hero-alpha__media-wrapper\"><img loading=\"lazy\" decoding=\"async\"  sizes=\"auto, (max-width: 1000px) 100vw, 1000px\" srcset=\"https:\/\/fiskarsinkoulu.fi\/wp-content\/uploads\/2026\/04\/Helmitaulu_flat_ilman_taustaa_1512-1.webp 1000w, https:\/\/fiskarsinkoulu.fi\/wp-content\/uploads\/2026\/04\/Helmitaulu_flat_ilman_taustaa_1512-1-300x277.webp 300w, https:\/\/fiskarsinkoulu.fi\/wp-content\/uploads\/2026\/04\/Helmitaulu_flat_ilman_taustaa_1512-1-150x150.webp 150w, https:\/\/fiskarsinkoulu.fi\/wp-content\/uploads\/2026\/04\/Helmitaulu_flat_ilman_taustaa_1512-1-768x709.webp 768w, https:\/\/fiskarsinkoulu.fi\/wp-content\/uploads\/2026\/04\/Helmitaulu_flat_ilman_taustaa_1512-1-13x12.webp 13w\" src=\"https:\/\/fiskarsinkoulu.fi\/wp-content\/uploads\/2026\/04\/Helmitaulu_flat_ilman_taustaa_1512-1.webp\" alt=\"Helmitaulu flat ilman taustaa 1512 (1)\" width=\"1000\" height=\"923\" class=\"hero-alpha__image hero-alpha__media\" \/><\/figure><\/div><\/section><section data-etch-element=\"section\" class=\"content-narrow\"><div data-etch-element=\"container\" class=\"content-narrow__container\">\n<p>Fiskarsin p\u00e4iv\u00e4koti sijaitsee Fiskarsin ruukissa, L\u00e4nsi-Uusimaalaisessa pelto-, mets\u00e4- ja kalliomaisemassa. P\u00e4iv\u00e4koti tarjoaa varhaiskasvatusta 3\u20136-vuotiaille lapsille. P\u00e4iv\u00e4kodissa toimii kaksi ryhm\u00e4\u00e4: Naskalit 3\u20135-vuotiaille ja Nikkarit (esikoulu). Esiopetus tapahtuu p\u00e4\u00e4osin Fiskarin kyl\u00e4koulussa arkip\u00e4ivisin klo 9\u201313.<\/p>\n\n<p>P\u00e4iv\u00e4koti sijaitsee luonnon helmassa ja sen pihalla on lasten oma pieni puutarha. P\u00e4iv\u00e4koti on liitt\u00e4nyt puutarhanhoidon mukaan osaksi opetusta ja puutarhaan istutetaan uusia pysyvi\u00e4 kasveja vuosittain. Kasvulavoihin kylvet\u00e4\u00e4n kev\u00e4isin vihanneksia, kukkia ja sy\u00f6t\u00e4vi\u00e4 kasveja, joita lapset saavat hoitaa yhdess\u00e4 aikuisten kanssa Lapset retkeilev\u00e4t l\u00e4hialueen metsiss\u00e4 ahkerasti ja henkil\u00f6kunta ideoi jatkuvasti uusia aktiviteetteja lapsille. P\u00e4iv\u00e4koti tekee aktiivisesti yhteisty\u00f6t\u00e4 koulun kanssa ja p\u00e4iv\u00e4kotilaisilla on mahdollisuus k\u00e4ytt\u00e4\u00e4 koulun liikuntasalia ja kirjastoa, kirjastoauto vierailee p\u00e4iv\u00e4kodin pihalla kerran kuussa.<\/p>\n\n<p>Yhteisten taitojen ja toisten huomioiminen on t\u00e4rke\u00e4ss\u00e4 roolissa p\u00e4iv\u00e4kodin viikkoisessa arjessa. Ik\u00e4ryhmien ollessa pieni\u00e4 lapset oppivat leikkim\u00e4\u00e4n yhdess\u00e4 yli ik\u00e4ryhm\u00e4rajojen. Siirtym\u00e4 p\u00e4iv\u00e4kodista kouluun toteutuu pehme\u00e4sti, tilojen ja kavereiden ollessa jo tuttuja. Koululaiset k\u00e4yv\u00e4t p\u00e4iv\u00e4kodilla leikkim\u00e4ss\u00e4 pienten kanssa ja n\u00e4in kaikki oppivat hy\u00f6dyllisi\u00e4 yhteisty\u00f6taitoja.<\/p>\n\n<figure class=\"wp-block-image size-full\"><img loading=\"lazy\" decoding=\"async\" width=\"1000\" height=\"667\" src=\"https:\/\/fiskarsinkoulu.fi\/wp-content\/uploads\/2026\/03\/D2A5438_Final_Web.webp\" alt=\"D2A5438 Final Web\" class=\"wp-image-814\" srcset=\"https:\/\/fiskarsinkoulu.fi\/wp-content\/uploads\/2026\/03\/D2A5438_Final_Web.webp 1000w, https:\/\/fiskarsinkoulu.fi\/wp-content\/uploads\/2026\/03\/D2A5438_Final_Web-300x200.webp 300w, https:\/\/fiskarsinkoulu.fi\/wp-content\/uploads\/2026\/03\/D2A5438_Final_Web-768x512.webp 768w\" sizes=\"auto, (max-width: 1000px) 100vw, 1000px\" \/><\/figure>\n\n<p>Esikoulu toimii Fiskarin kyl\u00e4koulun koulurakennuksessa ja eskarilaiset tekev\u00e4t erityisen paljon yhteisty\u00f6t\u00e4 koulun kanssa. Koululaisista valitaan eskareille kummit ja viime vuosina eskarit ovat p\u00e4\u00e4sseet osallistumaan koulun \u00e4idinkielen tunneille. Lis\u00e4ksi heid\u00e4t otetaan mukaan koulun retkille ja erilaisiin tapahtumiin. Viime vuosina on k\u00e4yty muun muassa lasketteluretkell\u00e4 P\u00e5minnen laskettelukeskuksessa, Ateneumissa ja erilaisissa teatteriesityksiss\u00e4, sek\u00e4 Heurekassa.<\/p>\n\n<p>P\u00e4iv\u00e4kodissa toimii aktiivinen vanhempainjaosto ja p\u00e4iv\u00e4kotilaisten arkea piristet\u00e4\u00e4n erilaisten ty\u00f6pajojen ja aktiviteettien avulla. P\u00e4iv\u00e4kodissa on viime vuosina vieraillut mm. Pikku Papun Orkesteri ja Taikuri Kari ja nukketeatteritaiteilija Aapo Repo Siilin talvi-esityksen kanssa. Vanhempainjaosto on tarjonnut p\u00e4iv\u00e4kodille erilaisia ty\u00f6pajoja, mm. huovutusty\u00f6pajan, puutarhaty\u00f6pajan, savity\u00f6pajan, valoty\u00f6pajan ja katamaraanity\u00f6pajan. Vanhempainjaosto j\u00e4rjest\u00e4\u00e4 p\u00e4iv\u00e4kodille ja koululle jouluruokailuun joulukalat ja kev\u00e4isin eskarilaiset ovat p\u00e4\u00e4sseet sy\u00f6m\u00e4\u00e4n johonkin alueen ravintoloista p\u00e4iv\u00e4koti taipaleen p\u00e4\u00e4ttymisen kunniaksi.<\/p>\n\n<p>Jos haluat lis\u00e4\u00e4 tietoa Fiskarsin p\u00e4iv\u00e4kodista voit olla yhteydess\u00e4 meihin ja lis\u00e4tietoja p\u00e4iv\u00e4kodin k\u00e4yt\u00e4nn\u00f6ist\u00e4 ja p\u00e4iv\u00e4kotiin ilmoittautumisesta saat Raaseporin kaupungin verkkosivuilta Varhaiskasvatus ja koulutus valikosta:<\/p>\n\n<p><a href=\"https:\/\/www.raseborg.fi\/fi\/varhaiskasvatus-ja-koulutus\/\" target=\"_blank\" rel=\"noopener\" title=\"\">https:\/\/www.raseborg.fi\/fi\/varhaiskasvatus-ja-koulutus\/<\/a><\/p>\n<\/div><\/section>","protected":false},"excerpt":{"rendered":"","protected":false},"author":1,"featured_media":0,"parent":0,"menu_order":0,"comment_status":"closed","ping_status":"closed","template":"","meta":{"slim_seo":{"title":"P\u00e4iv\u00e4koti - Fiskarsin kyl\u00e4koulu","description":""},"footnotes":""},"class_list":["post-1058","page","type-page","status-publish","hentry"],"_links":{"self":[{"href":"https:\/\/fiskarsinkoulu.fi\/en\/wp-json\/wp\/v2\/pages\/1058","targetHints":{"allow":["GET"]}}],"collection":[{"href":"https:\/\/fiskarsinkoulu.fi\/en\/wp-json\/wp\/v2\/pages"}],"about":[{"href":"https:\/\/fiskarsinkoulu.fi\/en\/wp-json\/wp\/v2\/types\/page"}],"author":[{"embeddable":true,"href":"https:\/\/fiskarsinkoulu.fi\/en\/wp-json\/wp\/v2\/users\/1"}],"replies":[{"embeddable":true,"href":"https:\/\/fiskarsinkoulu.fi\/en\/wp-json\/wp\/v2\/comments?post=1058"}],"version-history":[{"count":7,"href":"https:\/\/fiskarsinkoulu.fi\/en\/wp-json\/wp\/v2\/pages\/1058\/revisions"}],"predecessor-version":[{"id":1070,"href":"https:\/\/fiskarsinkoulu.fi\/en\/wp-json\/wp\/v2\/pages\/1058\/revisions\/1070"}],"wp:attachment":[{"href":"https:\/\/fiskarsinkoulu.fi\/en\/wp-json\/wp\/v2\/media?parent=1058"}],"curies":[{"name":"wp","href":"https:\/\/api.w.org\/{rel}","templated":true}]}}