{"id":1038,"date":"2026-04-15T09:47:12","date_gmt":"2026-04-15T06:47:12","guid":{"rendered":"https:\/\/fiskarsinkoulu.fi\/tapahtumat\/"},"modified":"2026-04-20T09:24:16","modified_gmt":"2026-04-20T06:24:16","slug":"tapahtumat","status":"publish","type":"page","link":"https:\/\/fiskarsinkoulu.fi\/en\/tapahtumat\/","title":{"rendered":"Meill\u00e4 tapahtuu"},"content":{"rendered":"<section data-etch-element=\"section\" class=\"hero-alpha\"><div data-etch-element=\"container\" class=\"hero-alpha__inner\"><div data-etch-element=\"flex-div\" class=\"hero-alpha__content-wrapper\"><h1 class=\"hero-alpha__heading\">Meill\u00e4 tapahtuu<\/h1><p class=\"hero-alpha__text\">Kyl\u00e4koululla tapahtuu yht\u00e4 sun toista. T\u00e4\u00e4lt\u00e4 voit lukea lis\u00e4\u00e4 tulevista ja menneist\u00e4 tapahtumista, retkist\u00e4 ja teemap\u00e4ivist\u00e4.<\/p><\/div><figure data-etch-element=\"flex-div\" class=\"hero-alpha__media-wrapper\"><img loading=\"lazy\" decoding=\"async\"  sizes=\"auto, (max-width: 1000px) 100vw, 1000px\" srcset=\"https:\/\/fiskarsinkoulu.fi\/wp-content\/uploads\/2026\/04\/juhlakranssi_flat_3012_ilmantaustaa.webp 1000w, https:\/\/fiskarsinkoulu.fi\/wp-content\/uploads\/2026\/04\/juhlakranssi_flat_3012_ilmantaustaa-300x294.webp 300w, https:\/\/fiskarsinkoulu.fi\/wp-content\/uploads\/2026\/04\/juhlakranssi_flat_3012_ilmantaustaa-150x150.webp 150w, https:\/\/fiskarsinkoulu.fi\/wp-content\/uploads\/2026\/04\/juhlakranssi_flat_3012_ilmantaustaa-768x753.webp 768w, https:\/\/fiskarsinkoulu.fi\/wp-content\/uploads\/2026\/04\/juhlakranssi_flat_3012_ilmantaustaa-12x12.webp 12w\" src=\"https:\/\/fiskarsinkoulu.fi\/wp-content\/uploads\/2026\/04\/juhlakranssi_flat_3012_ilmantaustaa.webp\" alt=\"Juhlakranssi flat 3012 ilmantaustaa\" width=\"1000\" height=\"980\" class=\"hero-alpha__image hero-alpha__media\" \/><\/figure><\/div><\/section><section data-etch-element=\"section\" class=\"vuosikello\"><div data-etch-element=\"container\" data-intro-style=\"Center\" class=\"section-intro\"><div data-etch-element=\"flex-div\" class=\"section-intro__content-wrapper\"><h2 data-headline-level=\"h2\" class=\"section-intro__headline\">Koulun vuosittainen toiminta \u2013 vuosikello:<\/h2><\/div><\/div><div data-etch-element=\"container\" class=\"vuosikello__container\"><ul class=\"vuosikello__list\"><li class=\"vuosikello__list-item\">Tammikuussa lasketaan pulkkam\u00e4ke\u00e4, luistellaan ja hiihdet\u00e4\u00e4n<\/li><li class=\"vuosikello__list-item\">Helmikuussa lasketellaan P\u00e5minnessa<\/li><li class=\"vuosikello__list-item\">Maaliskuussa juhlitaan maailman mets\u00e4n p\u00e4iv\u00e4\u00e4<\/li><li class=\"vuosikello__list-item\">Huhtikuussa j\u00e4rjestet\u00e4\u00e4n koulun Talent Show<\/li><li class=\"vuosikello__list-item\">Toukokuussa vieraillaan k\u00e4sity\u00f6l\u00e4isten ja taitelijoiden ty\u00f6huoneilla<\/li><li class=\"vuosikello__list-item\">Toukokuussa esikoululaiset tutustuvat tulevaan luokkaan ja opettajaan kummioppilaiden kanssa<\/li><li class=\"vuosikello__list-item\">Koulun kev\u00e4trieha tapahtuma toukokuun kolmannen lauantaina<\/li><li class=\"vuosikello__list-item\">Tervetuloa tutustumaan kouluun-p\u00e4iv\u00e4<\/li><li class=\"vuosikello__list-item\">Elokuussa aloitetaan taas koulu uudella innolla<\/li><li class=\"vuosikello__list-item\">Koulun yleisurheilup\u00e4iv\u00e4<\/li><li class=\"vuosikello__list-item\">Syyskuussa k\u00e4ymme mustikkaretkell\u00e4<\/li><li class=\"vuosikello__list-item\">Lokakuussa tanssitaan karmivassa Halloween discossa<\/li><li class=\"vuosikello__list-item\">Marraskuussa Koti-, koulu ja p\u00e4iv\u00e4kotijaosto j\u00e4rjest\u00e4\u00e4 kulttuurimatkan vaihtuvaan kohteeseen<\/li><li class=\"vuosikello__list-item\">Joulukuussa k\u00e4dentaitojen n\u00e4yttely Kuparipajan valkoisessa salissa<\/li><\/ul><\/div><\/section><section data-etch-element=\"section\" class=\"articles-section-alpha\" id=\"meilla-tapahtuu\"><div data-etch-element=\"container\" data-intro-style=\"Center\" class=\"section-intro\"><div data-etch-element=\"flex-div\" class=\"section-intro__content-wrapper\"><h2 data-headline-level=\"h2\" class=\"section-intro__headline\">Meill\u00e4 tapahtuu<\/h2><p class=\"section-intro__lede\">Fiskarsin kyl\u00e4koululla tapahtuu monenlaista. Voit lukea lis\u00e4\u00e4 tulevista ja menneist\u00e4 tapahtumista, retkist\u00e4 ja teemap\u00e4ivist\u00e4. Meid\u00e4n koulun vuosittain toistuvat tapahtumat l\u00f6ytyv\u00e4t heti sivun yl\u00e4laidasta.<\/p><\/div><\/div><ul data-etch-element=\"container\" class=\"articles-section-alpha__articles-list\"><li><article data-etch-element=\"flex-div\" class=\"article-card-alpha\"><div data-etch-element=\"flex-div\" class=\"article-card-alpha__content-wrapper\"><h3 class=\"article-card-alpha__heading\">Lapsimessut<\/h3><p class=\"article-card-alpha__description\">Fiskarsin koulun vanhempainjaosto l\u00e4htee Lapsimessuille Helsingin Messukeskukseen pe-su 24.-26.4.2026. <\/p><a href=\"\/en\/esimerkki-1\/\" aria-label=\"Read \" class=\"article-card-alpha__link\">Lue lis\u00e4\u00e4<\/a><\/div><figure data-etch-element=\"flex-div\" class=\"article-card-alpha__media-wrapper\"><img decoding=\"async\" src=\"https:\/\/fiskarsinkoulu.fi\/wp-content\/uploads\/2025\/12\/Lapsimessut-blogitekstin-kuva.webp\" alt=\"\" class=\"article-card-alpha__media\" \/><div data-etch-element=\"flex-div\" class=\"article-card-alpha__meta-overlay\"><p class=\"article-card-alpha__date\">Apr 13, 2026<\/p><\/div><\/figure><\/article><\/li><li><article data-etch-element=\"flex-div\" class=\"article-card-alpha\"><div data-etch-element=\"flex-div\" class=\"article-card-alpha__content-wrapper\"><h3 class=\"article-card-alpha__heading\">Kev\u00e4trieha<\/h3><p class=\"article-card-alpha__description\">Fiskarsin koulun ja p\u00e4iv\u00e4kodin koti- koulu ja p\u00e4iv\u00e4kotijaosto j\u00e4rjest\u00e4\u00e4 16.5. Kev\u00e4trieha nimisen tapahtuman klo 12-16. <\/p><a href=\"\/en\/esimerkki-2\/\" aria-label=\"Read \" class=\"article-card-alpha__link\">Lue lis\u00e4\u00e4<\/a><\/div><figure data-etch-element=\"flex-div\" class=\"article-card-alpha__media-wrapper\"><img decoding=\"async\" src=\"https:\/\/fiskarsinkoulu.fi\/wp-content\/uploads\/2025\/11\/Kevatrieha-blogitekstin-kuva.webp\" alt=\"\" class=\"article-card-alpha__media\" \/><div data-etch-element=\"flex-div\" class=\"article-card-alpha__meta-overlay\"><p class=\"article-card-alpha__date\">Mar 31, 2026<\/p><\/div><\/figure><\/article><\/li><li><article data-etch-element=\"flex-div\" class=\"article-card-alpha\"><div data-etch-element=\"flex-div\" class=\"article-card-alpha__content-wrapper\"><h3 class=\"article-card-alpha__heading\">Taiden\u00e4yttely<\/h3><p class=\"article-card-alpha__description\">Perjantaina 27.2. juhlittiin Fiskarsin kyl\u00e4koulun oppilasty\u00f6n\u00e4yttelyn avajaisia Kuparipajan Valkoisessa Salissa.<\/p><a href=\"\/en\/esimerkki-3\/\" aria-label=\"Read \" class=\"article-card-alpha__link\">Lue lis\u00e4\u00e4<\/a><\/div><figure data-etch-element=\"flex-div\" class=\"article-card-alpha__media-wrapper\"><img decoding=\"async\" src=\"https:\/\/fiskarsinkoulu.fi\/wp-content\/uploads\/2025\/11\/Taidenayttely-blogitekstin-kuva.webp\" alt=\"\" class=\"article-card-alpha__media\" \/><div data-etch-element=\"flex-div\" class=\"article-card-alpha__meta-overlay\"><p class=\"article-card-alpha__date\">Mar 09, 2026<\/p><\/div><\/figure><\/article><\/li><figure class=\"illustrations__peura\"><img loading=\"lazy\" decoding=\"async\"  sizes=\"auto, (max-width: 250px) 100vw, 250px\" srcset=\"https:\/\/fiskarsinkoulu.fi\/wp-content\/uploads\/2026\/03\/peura_ilmantaustaa.webp 250w, https:\/\/fiskarsinkoulu.fi\/wp-content\/uploads\/2026\/03\/peura_ilmantaustaa-235x300.webp 235w, https:\/\/fiskarsinkoulu.fi\/wp-content\/uploads\/2026\/03\/peura_ilmantaustaa-150x150.webp 150w\" src=\"https:\/\/fiskarsinkoulu.fi\/wp-content\/uploads\/2026\/03\/peura_ilmantaustaa.webp\" alt=\"Peura ilmantaustaa\" width=\"250\" height=\"319\" class=\"illustrations__image\" \/><\/figure><figure class=\"illustrations__helmitaulu\"><img loading=\"lazy\" decoding=\"async\"  sizes=\"auto, (max-width: 500px) 100vw, 500px\" srcset=\"https:\/\/fiskarsinkoulu.fi\/wp-content\/uploads\/2026\/03\/Helmitaulu_flat_ilman_taustaa_1512.webp 500w, https:\/\/fiskarsinkoulu.fi\/wp-content\/uploads\/2026\/03\/Helmitaulu_flat_ilman_taustaa_1512-300x277.webp 300w, https:\/\/fiskarsinkoulu.fi\/wp-content\/uploads\/2026\/03\/Helmitaulu_flat_ilman_taustaa_1512-150x150.webp 150w\" src=\"https:\/\/fiskarsinkoulu.fi\/wp-content\/uploads\/2026\/03\/Helmitaulu_flat_ilman_taustaa_1512.webp\" alt=\"Helmitaulu flat ilman taustaa\" width=\"500\" height=\"461\" class=\"illustrations__image\" \/><\/figure><\/ul><\/section>","protected":false},"excerpt":{"rendered":"","protected":false},"author":1,"featured_media":0,"parent":0,"menu_order":0,"comment_status":"closed","ping_status":"closed","template":"","meta":{"slim_seo":{"title":"Meill\u00e4 tapahtuu - Fiskarsin kyl\u00e4koulu","description":""},"footnotes":""},"class_list":["post-1038","page","type-page","status-publish","hentry"],"_links":{"self":[{"href":"https:\/\/fiskarsinkoulu.fi\/en\/wp-json\/wp\/v2\/pages\/1038","targetHints":{"allow":["GET"]}}],"collection":[{"href":"https:\/\/fiskarsinkoulu.fi\/en\/wp-json\/wp\/v2\/pages"}],"about":[{"href":"https:\/\/fiskarsinkoulu.fi\/en\/wp-json\/wp\/v2\/types\/page"}],"author":[{"embeddable":true,"href":"https:\/\/fiskarsinkoulu.fi\/en\/wp-json\/wp\/v2\/users\/1"}],"replies":[{"embeddable":true,"href":"https:\/\/fiskarsinkoulu.fi\/en\/wp-json\/wp\/v2\/comments?post=1038"}],"version-history":[{"count":15,"href":"https:\/\/fiskarsinkoulu.fi\/en\/wp-json\/wp\/v2\/pages\/1038\/revisions"}],"predecessor-version":[{"id":1187,"href":"https:\/\/fiskarsinkoulu.fi\/en\/wp-json\/wp\/v2\/pages\/1038\/revisions\/1187"}],"wp:attachment":[{"href":"https:\/\/fiskarsinkoulu.fi\/en\/wp-json\/wp\/v2\/media?parent=1038"}],"curies":[{"name":"wp","href":"https:\/\/api.w.org\/{rel}","templated":true}]}}